{"id":80901,"date":"2024-12-27T03:44:39","date_gmt":"2024-12-27T02:44:39","guid":{"rendered":"https:\/\/www.atta45.se\/e-butik\/?post_type=product&#038;p=80901"},"modified":"2025-10-27T18:33:42","modified_gmt":"2025-10-27T17:33:42","slug":"mossa-kontrast","status":"publish","type":"product","link":"https:\/\/www.atta45.se\/e-butik\/produkt\/mossa-kontrast\/","title":{"rendered":"M\u00f6ssa Kontrast"},"content":{"rendered":"<p>Elva olika f\u00e4rgvarianter finns tillg\u00e4ngliga f\u00f6r denna f\u00e4rgglada m\u00f6ssa. F\u00e4rger \u00e4r v\u00e4ldigt trendiga nuf\u00f6rtiden och speciellt levande f\u00e4rgkombinationer. Allt du beh\u00f6ver g\u00f6ra \u00e4r att v\u00e4lja en och kallt v\u00e4der \u00e4r inga problem f\u00f6r att spendera tid utomhus.<\/p>\n<p>BtCap<\/p>\n","protected":false},"excerpt":{"rendered":"<p>Elva olika f\u00e4rgvarianter finns tillg\u00e4ngliga f\u00f6r denna f\u00e4rgglada m\u00f6ssa. F\u00e4rger \u00e4r v\u00e4ldigt trendiga nuf\u00f6rtiden och speciellt levande f\u00e4rgkombinationer. Allt du beh\u00f6ver g\u00f6ra \u00e4r att v\u00e4lja en och kallt v\u00e4der \u00e4r inga problem f\u00f6r att spendera tid utomhus. BtCap<\/p>\n","protected":false},"featured_media":80902,"template":"","meta":{"_acf_changed":false,"_seopress_robots_primary_cat":"","_seopress_titles_title":"","_seopress_titles_desc":"","_seopress_robots_index":""},"product_brand":[],"product_cat":[15],"product_tag":[],"class_list":{"0":"post-80901","1":"product","2":"type-product","3":"status-publish","4":"has-post-thumbnail","6":"product_cat-okategoriserad","7":"atta45_taxonomy-kepsar-mossor-btcap-collection-mossor-sv","9":"first","10":"instock","11":"taxable","12":"shipping-taxable","13":"purchasable","14":"product-type-variable"},"acf":[],"_links":{"self":[{"href":"https:\/\/www.atta45.se\/e-butik\/wp-json\/wp\/v2\/product\/80901","targetHints":{"allow":["GET"]}}],"collection":[{"href":"https:\/\/www.atta45.se\/e-butik\/wp-json\/wp\/v2\/product"}],"about":[{"href":"https:\/\/www.atta45.se\/e-butik\/wp-json\/wp\/v2\/types\/product"}],"wp:featuredmedia":[{"embeddable":true,"href":"https:\/\/www.atta45.se\/e-butik\/wp-json\/wp\/v2\/media\/80902"}],"wp:attachment":[{"href":"https:\/\/www.atta45.se\/e-butik\/wp-json\/wp\/v2\/media?parent=80901"}],"wp:term":[{"taxonomy":"product_brand","embeddable":true,"href":"https:\/\/www.atta45.se\/e-butik\/wp-json\/wp\/v2\/product_brand?post=80901"},{"taxonomy":"product_cat","embeddable":true,"href":"https:\/\/www.atta45.se\/e-butik\/wp-json\/wp\/v2\/product_cat?post=80901"},{"taxonomy":"product_tag","embeddable":true,"href":"https:\/\/www.atta45.se\/e-butik\/wp-json\/wp\/v2\/product_tag?post=80901"}],"curies":[{"name":"wp","href":"https:\/\/api.w.org\/{rel}","templated":true}]}}