{"id":80619,"date":"2024-12-27T03:41:08","date_gmt":"2024-12-27T02:41:08","guid":{"rendered":"https:\/\/www.atta45.se\/e-butik\/?post_type=product&#038;p=80619"},"modified":"2025-10-27T18:30:54","modified_gmt":"2025-10-27T17:30:54","slug":"mossa-primary-band","status":"publish","type":"product","link":"https:\/\/www.atta45.se\/e-butik\/produkt\/mossa-primary-band\/","title":{"rendered":"M\u00f6ssa Primary band"},"content":{"rendered":"<p>En av de mest popul\u00e4ra m\u00f6ssorna finns i m\u00e5nga olika f\u00e4rger. V\u00e4ldigt enkelt och smidigt vinterm\u00f6ssor med veck. P\u00e5 denna m\u00f6ssa kan vi l\u00e4gga till broderi, v\u00e4vt eller tryckt m\u00e4rke, l\u00e4der- eller gummilogotyp. 100 % akrylgarn, stickat dubbelt lager.<\/p>\n<p>BtCap<\/p>\n","protected":false},"excerpt":{"rendered":"<p>En av de mest popul\u00e4ra m\u00f6ssorna finns i m\u00e5nga olika f\u00e4rger. V\u00e4ldigt enkelt och smidigt vinterm\u00f6ssor med veck. P\u00e5 denna m\u00f6ssa kan vi l\u00e4gga till broderi, v\u00e4vt eller tryckt m\u00e4rke, l\u00e4der- eller gummilogotyp. 100 % akrylgarn, stickat dubbelt lager. BtCap<\/p>\n","protected":false},"featured_media":80620,"template":"","meta":{"_acf_changed":false,"_seopress_robots_primary_cat":"","_seopress_titles_title":"","_seopress_titles_desc":"","_seopress_robots_index":""},"product_brand":[],"product_cat":[15],"product_tag":[],"class_list":{"0":"post-80619","1":"product","2":"type-product","3":"status-publish","4":"has-post-thumbnail","6":"product_cat-okategoriserad","7":"atta45_taxonomy-kepsar-mossor-btcap-collection-mossor-sv","9":"first","10":"instock","11":"taxable","12":"shipping-taxable","13":"purchasable","14":"product-type-variable"},"acf":[],"_links":{"self":[{"href":"https:\/\/www.atta45.se\/e-butik\/wp-json\/wp\/v2\/product\/80619","targetHints":{"allow":["GET"]}}],"collection":[{"href":"https:\/\/www.atta45.se\/e-butik\/wp-json\/wp\/v2\/product"}],"about":[{"href":"https:\/\/www.atta45.se\/e-butik\/wp-json\/wp\/v2\/types\/product"}],"wp:featuredmedia":[{"embeddable":true,"href":"https:\/\/www.atta45.se\/e-butik\/wp-json\/wp\/v2\/media\/80620"}],"wp:attachment":[{"href":"https:\/\/www.atta45.se\/e-butik\/wp-json\/wp\/v2\/media?parent=80619"}],"wp:term":[{"taxonomy":"product_brand","embeddable":true,"href":"https:\/\/www.atta45.se\/e-butik\/wp-json\/wp\/v2\/product_brand?post=80619"},{"taxonomy":"product_cat","embeddable":true,"href":"https:\/\/www.atta45.se\/e-butik\/wp-json\/wp\/v2\/product_cat?post=80619"},{"taxonomy":"product_tag","embeddable":true,"href":"https:\/\/www.atta45.se\/e-butik\/wp-json\/wp\/v2\/product_tag?post=80619"}],"curies":[{"name":"wp","href":"https:\/\/api.w.org\/{rel}","templated":true}]}}