{"id":80517,"date":"2024-12-27T03:39:34","date_gmt":"2024-12-27T02:39:34","guid":{"rendered":"https:\/\/www.atta45.se\/e-butik\/?post_type=product&#038;p=80517"},"modified":"2025-10-27T18:30:02","modified_gmt":"2025-10-27T17:30:02","slug":"mossa-jersey","status":"publish","type":"product","link":"https:\/\/www.atta45.se\/e-butik\/produkt\/mossa-jersey\/","title":{"rendered":"M\u00f6ssa Jersey"},"content":{"rendered":"<p>JERSEY \u00e4r en klassisk m\u00f6ssa som passar alla v\u00e4der. Om du vill vara snygg \u00e4r det bara att g\u00e5 f\u00f6r det.<\/p>\n<p>BtCap<\/p>\n","protected":false},"excerpt":{"rendered":"<p>JERSEY \u00e4r en klassisk m\u00f6ssa som passar alla v\u00e4der. Om du vill vara snygg \u00e4r det bara att g\u00e5 f\u00f6r det. BtCap<\/p>\n","protected":false},"featured_media":80518,"template":"","meta":{"_acf_changed":false,"_seopress_robots_primary_cat":"","_seopress_titles_title":"","_seopress_titles_desc":"","_seopress_robots_index":""},"product_brand":[],"product_cat":[15],"product_tag":[],"class_list":{"0":"post-80517","1":"product","2":"type-product","3":"status-publish","4":"has-post-thumbnail","6":"product_cat-okategoriserad","7":"atta45_taxonomy-kepsar-mossor-btcap-collection-mossor-sv","9":"first","10":"instock","11":"taxable","12":"shipping-taxable","13":"purchasable","14":"product-type-variable"},"acf":[],"_links":{"self":[{"href":"https:\/\/www.atta45.se\/e-butik\/wp-json\/wp\/v2\/product\/80517","targetHints":{"allow":["GET"]}}],"collection":[{"href":"https:\/\/www.atta45.se\/e-butik\/wp-json\/wp\/v2\/product"}],"about":[{"href":"https:\/\/www.atta45.se\/e-butik\/wp-json\/wp\/v2\/types\/product"}],"wp:featuredmedia":[{"embeddable":true,"href":"https:\/\/www.atta45.se\/e-butik\/wp-json\/wp\/v2\/media\/80518"}],"wp:attachment":[{"href":"https:\/\/www.atta45.se\/e-butik\/wp-json\/wp\/v2\/media?parent=80517"}],"wp:term":[{"taxonomy":"product_brand","embeddable":true,"href":"https:\/\/www.atta45.se\/e-butik\/wp-json\/wp\/v2\/product_brand?post=80517"},{"taxonomy":"product_cat","embeddable":true,"href":"https:\/\/www.atta45.se\/e-butik\/wp-json\/wp\/v2\/product_cat?post=80517"},{"taxonomy":"product_tag","embeddable":true,"href":"https:\/\/www.atta45.se\/e-butik\/wp-json\/wp\/v2\/product_tag?post=80517"}],"curies":[{"name":"wp","href":"https:\/\/api.w.org\/{rel}","templated":true}]}}