{"id":80503,"date":"2024-12-27T03:39:20","date_gmt":"2024-12-27T02:39:20","guid":{"rendered":"https:\/\/www.atta45.se\/e-butik\/?post_type=product&#038;p=80503"},"modified":"2025-10-27T18:29:50","modified_gmt":"2025-10-27T17:29:50","slug":"mossa-reflex","status":"publish","type":"product","link":"https:\/\/www.atta45.se\/e-butik\/produkt\/mossa-reflex\/","title":{"rendered":"M\u00f6ssa Reflex"},"content":{"rendered":"<p>REFLEX-m\u00f6ssan \u00e4r en enkel modell med dubbla lager f\u00f6r m\u00e4n och kvinnor. Den dominerande egenskapen \u00e4r en reflekterande rand. N\u00e4r v\u00e4dret \u00e4r kallt men inte fryser \u00e4r detta r\u00e4tt val.<\/p>\n<p>BtCap<\/p>\n","protected":false},"excerpt":{"rendered":"<p>REFLEX-m\u00f6ssan \u00e4r en enkel modell med dubbla lager f\u00f6r m\u00e4n och kvinnor. Den dominerande egenskapen \u00e4r en reflekterande rand. N\u00e4r v\u00e4dret \u00e4r kallt men inte fryser \u00e4r detta r\u00e4tt val. BtCap<\/p>\n","protected":false},"featured_media":80504,"template":"","meta":{"_acf_changed":false,"_seopress_robots_primary_cat":"","_seopress_titles_title":"","_seopress_titles_desc":"","_seopress_robots_index":""},"product_brand":[],"product_cat":[15],"product_tag":[],"class_list":{"0":"post-80503","1":"product","2":"type-product","3":"status-publish","4":"has-post-thumbnail","6":"product_cat-okategoriserad","7":"atta45_taxonomy-kepsar-mossor-btcap-collection-mossor-sv","9":"first","10":"instock","11":"taxable","12":"shipping-taxable","13":"purchasable","14":"product-type-variable"},"acf":[],"_links":{"self":[{"href":"https:\/\/www.atta45.se\/e-butik\/wp-json\/wp\/v2\/product\/80503","targetHints":{"allow":["GET"]}}],"collection":[{"href":"https:\/\/www.atta45.se\/e-butik\/wp-json\/wp\/v2\/product"}],"about":[{"href":"https:\/\/www.atta45.se\/e-butik\/wp-json\/wp\/v2\/types\/product"}],"wp:featuredmedia":[{"embeddable":true,"href":"https:\/\/www.atta45.se\/e-butik\/wp-json\/wp\/v2\/media\/80504"}],"wp:attachment":[{"href":"https:\/\/www.atta45.se\/e-butik\/wp-json\/wp\/v2\/media?parent=80503"}],"wp:term":[{"taxonomy":"product_brand","embeddable":true,"href":"https:\/\/www.atta45.se\/e-butik\/wp-json\/wp\/v2\/product_brand?post=80503"},{"taxonomy":"product_cat","embeddable":true,"href":"https:\/\/www.atta45.se\/e-butik\/wp-json\/wp\/v2\/product_cat?post=80503"},{"taxonomy":"product_tag","embeddable":true,"href":"https:\/\/www.atta45.se\/e-butik\/wp-json\/wp\/v2\/product_tag?post=80503"}],"curies":[{"name":"wp","href":"https:\/\/api.w.org\/{rel}","templated":true}]}}