{"id":80417,"date":"2024-12-27T03:38:09","date_gmt":"2024-12-27T02:38:09","guid":{"rendered":"https:\/\/www.atta45.se\/e-butik\/?post_type=product&#038;p=80417"},"modified":"2025-10-27T18:52:06","modified_gmt":"2025-10-27T17:52:06","slug":"keps-recycled-cool-comfort","status":"publish","type":"product","link":"https:\/\/www.atta45.se\/e-butik\/produkt\/keps-recycled-cool-comfort\/","title":{"rendered":"Keps Recycled cool comfort"},"content":{"rendered":"<p> Keps i 100 % \u00e5tervunnen polyester, cool mesh. Funktionellt tyg av h\u00f6g kvalitet. Kepsen har strukturerad frontpanel och kardborre p\u00e5 baksidan. Cool komfort snabbtorkande svettband.<\/p>\n<p>BtCap<\/p>\n","protected":false},"excerpt":{"rendered":"<p>Keps i 100 % \u00e5tervunnen polyester, cool mesh. Funktionellt tyg av h\u00f6g kvalitet. Kepsen har strukturerad frontpanel och kardborre p\u00e5 baksidan. Cool komfort snabbtorkande svettband. BtCap<\/p>\n","protected":false},"featured_media":80418,"template":"","meta":{"_acf_changed":false,"_seopress_robots_primary_cat":"","_seopress_titles_title":"","_seopress_titles_desc":"","_seopress_robots_index":""},"product_brand":[],"product_cat":[15],"product_tag":[],"class_list":{"0":"post-80417","1":"product","2":"type-product","3":"status-publish","4":"has-post-thumbnail","6":"product_cat-okategoriserad","7":"atta45_taxonomy-kepsar-mossor-btcap-collection-kepsar-sv","9":"first","10":"instock","11":"taxable","12":"shipping-taxable","13":"purchasable","14":"product-type-variable"},"acf":[],"_links":{"self":[{"href":"https:\/\/www.atta45.se\/e-butik\/wp-json\/wp\/v2\/product\/80417","targetHints":{"allow":["GET"]}}],"collection":[{"href":"https:\/\/www.atta45.se\/e-butik\/wp-json\/wp\/v2\/product"}],"about":[{"href":"https:\/\/www.atta45.se\/e-butik\/wp-json\/wp\/v2\/types\/product"}],"wp:featuredmedia":[{"embeddable":true,"href":"https:\/\/www.atta45.se\/e-butik\/wp-json\/wp\/v2\/media\/80418"}],"wp:attachment":[{"href":"https:\/\/www.atta45.se\/e-butik\/wp-json\/wp\/v2\/media?parent=80417"}],"wp:term":[{"taxonomy":"product_brand","embeddable":true,"href":"https:\/\/www.atta45.se\/e-butik\/wp-json\/wp\/v2\/product_brand?post=80417"},{"taxonomy":"product_cat","embeddable":true,"href":"https:\/\/www.atta45.se\/e-butik\/wp-json\/wp\/v2\/product_cat?post=80417"},{"taxonomy":"product_tag","embeddable":true,"href":"https:\/\/www.atta45.se\/e-butik\/wp-json\/wp\/v2\/product_tag?post=80417"}],"curies":[{"name":"wp","href":"https:\/\/api.w.org\/{rel}","templated":true}]}}