{"id":80146,"date":"2024-12-27T03:34:48","date_gmt":"2024-12-27T02:34:48","guid":{"rendered":"https:\/\/www.atta45.se\/e-butik\/?post_type=product&#038;p=80146"},"modified":"2025-10-27T18:50:38","modified_gmt":"2025-10-27T17:50:38","slug":"keps-perforated","status":"publish","type":"product","link":"https:\/\/www.atta45.se\/e-butik\/produkt\/keps-perforated\/","title":{"rendered":"Keps Perforated"},"content":{"rendered":"<p> En modern l\u00e5gprofilm\u00f6ssa med perforerade sidopaneler. Funktionellt material som garanterar att du kommer att k\u00e4nna dig bekv\u00e4m \u00e4ven under de varmaste dagarna.<\/p>\n<p>BtCap<\/p>\n","protected":false},"excerpt":{"rendered":"<p>En modern l\u00e5gprofilm\u00f6ssa med perforerade sidopaneler. Funktionellt material som garanterar att du kommer att k\u00e4nna dig bekv\u00e4m \u00e4ven under de varmaste dagarna. BtCap<\/p>\n","protected":false},"featured_media":80147,"template":"","meta":{"_acf_changed":false,"_seopress_robots_primary_cat":"","_seopress_titles_title":"","_seopress_titles_desc":"","_seopress_robots_index":""},"product_brand":[],"product_cat":[15],"product_tag":[],"class_list":{"0":"post-80146","1":"product","2":"type-product","3":"status-publish","4":"has-post-thumbnail","6":"product_cat-okategoriserad","7":"atta45_taxonomy-kepsar-mossor-btcap-collection-kepsar-sv","9":"first","10":"instock","11":"taxable","12":"shipping-taxable","13":"purchasable","14":"product-type-variable"},"acf":[],"_links":{"self":[{"href":"https:\/\/www.atta45.se\/e-butik\/wp-json\/wp\/v2\/product\/80146","targetHints":{"allow":["GET"]}}],"collection":[{"href":"https:\/\/www.atta45.se\/e-butik\/wp-json\/wp\/v2\/product"}],"about":[{"href":"https:\/\/www.atta45.se\/e-butik\/wp-json\/wp\/v2\/types\/product"}],"wp:featuredmedia":[{"embeddable":true,"href":"https:\/\/www.atta45.se\/e-butik\/wp-json\/wp\/v2\/media\/80147"}],"wp:attachment":[{"href":"https:\/\/www.atta45.se\/e-butik\/wp-json\/wp\/v2\/media?parent=80146"}],"wp:term":[{"taxonomy":"product_brand","embeddable":true,"href":"https:\/\/www.atta45.se\/e-butik\/wp-json\/wp\/v2\/product_brand?post=80146"},{"taxonomy":"product_cat","embeddable":true,"href":"https:\/\/www.atta45.se\/e-butik\/wp-json\/wp\/v2\/product_cat?post=80146"},{"taxonomy":"product_tag","embeddable":true,"href":"https:\/\/www.atta45.se\/e-butik\/wp-json\/wp\/v2\/product_tag?post=80146"}],"curies":[{"name":"wp","href":"https:\/\/api.w.org\/{rel}","templated":true}]}}