{"id":80052,"date":"2024-12-27T03:33:39","date_gmt":"2024-12-27T02:33:39","guid":{"rendered":"https:\/\/www.atta45.se\/e-butik\/?post_type=product&#038;p=80052"},"modified":"2025-10-27T18:48:53","modified_gmt":"2025-10-27T17:48:53","slug":"keps-sporty","status":"publish","type":"product","link":"https:\/\/www.atta45.se\/e-butik\/produkt\/keps-sporty\/","title":{"rendered":"Keps Sporty"},"content":{"rendered":"<p> Vi presenterar den SPORTIGA kepsen. Tack vare materialet som anv\u00e4nds &#8211; polyester med mesh, \u00e4r denna produkt l\u00e4tt och luftig. Det \u00e4r d\u00e4rf\u00f6r den \u00e4r perfekt f\u00f6r utomhussportaktiviteter, n\u00e4r du beh\u00f6ver skydda dina \u00f6gon och huvud under varma soliga dagar.<\/p>\n<p>BtCap<\/p>\n","protected":false},"excerpt":{"rendered":"<p>Vi presenterar den SPORTIGA kepsen. Tack vare materialet som anv\u00e4nds &#8211; polyester med mesh, \u00e4r denna produkt l\u00e4tt och luftig. Det \u00e4r d\u00e4rf\u00f6r den \u00e4r perfekt f\u00f6r utomhussportaktiviteter, n\u00e4r du beh\u00f6ver skydda dina \u00f6gon och huvud under varma soliga dagar. BtCap<\/p>\n","protected":false},"featured_media":80053,"template":"","meta":{"_acf_changed":false,"_seopress_robots_primary_cat":"","_seopress_titles_title":"","_seopress_titles_desc":"","_seopress_robots_index":""},"product_brand":[],"product_cat":[15],"product_tag":[],"class_list":{"0":"post-80052","1":"product","2":"type-product","3":"status-publish","4":"has-post-thumbnail","6":"product_cat-okategoriserad","7":"atta45_taxonomy-kepsar-mossor-btcap-collection-kepsar-sv","9":"first","10":"instock","11":"taxable","12":"shipping-taxable","13":"purchasable","14":"product-type-variable"},"acf":[],"_links":{"self":[{"href":"https:\/\/www.atta45.se\/e-butik\/wp-json\/wp\/v2\/product\/80052","targetHints":{"allow":["GET"]}}],"collection":[{"href":"https:\/\/www.atta45.se\/e-butik\/wp-json\/wp\/v2\/product"}],"about":[{"href":"https:\/\/www.atta45.se\/e-butik\/wp-json\/wp\/v2\/types\/product"}],"wp:featuredmedia":[{"embeddable":true,"href":"https:\/\/www.atta45.se\/e-butik\/wp-json\/wp\/v2\/media\/80053"}],"wp:attachment":[{"href":"https:\/\/www.atta45.se\/e-butik\/wp-json\/wp\/v2\/media?parent=80052"}],"wp:term":[{"taxonomy":"product_brand","embeddable":true,"href":"https:\/\/www.atta45.se\/e-butik\/wp-json\/wp\/v2\/product_brand?post=80052"},{"taxonomy":"product_cat","embeddable":true,"href":"https:\/\/www.atta45.se\/e-butik\/wp-json\/wp\/v2\/product_cat?post=80052"},{"taxonomy":"product_tag","embeddable":true,"href":"https:\/\/www.atta45.se\/e-butik\/wp-json\/wp\/v2\/product_tag?post=80052"}],"curies":[{"name":"wp","href":"https:\/\/api.w.org\/{rel}","templated":true}]}}