{"id":79950,"date":"2024-12-27T03:32:18","date_gmt":"2024-12-27T02:32:18","guid":{"rendered":"https:\/\/www.atta45.se\/e-butik\/?post_type=product&#038;p=79950"},"modified":"2025-10-27T18:47:56","modified_gmt":"2025-10-27T17:47:56","slug":"keps-seam-sealed","status":"publish","type":"product","link":"https:\/\/www.atta45.se\/e-butik\/produkt\/keps-seam-sealed\/","title":{"rendered":"Keps Seam sealed"},"content":{"rendered":"<p>Keps i 100% polyester. Design av t\u00e4tade s\u00f6mmar. Mycket funktionellt tyg av h\u00f6g kvalitet. Vattent\u00e4t, baksidan \u00e4r gummikardborre. Strukturerad frontpanel och snabbtorkande polyestersvettband.<\/p>\n<p>BtCap<\/p>\n","protected":false},"excerpt":{"rendered":"<p>Keps i 100% polyester. Design av t\u00e4tade s\u00f6mmar. Mycket funktionellt tyg av h\u00f6g kvalitet. Vattent\u00e4t, baksidan \u00e4r gummikardborre. Strukturerad frontpanel och snabbtorkande polyestersvettband. BtCap<\/p>\n","protected":false},"featured_media":79951,"template":"","meta":{"_acf_changed":false,"_seopress_robots_primary_cat":"","_seopress_titles_title":"","_seopress_titles_desc":"","_seopress_robots_index":""},"product_brand":[],"product_cat":[15],"product_tag":[],"class_list":{"0":"post-79950","1":"product","2":"type-product","3":"status-publish","4":"has-post-thumbnail","6":"product_cat-okategoriserad","7":"atta45_taxonomy-kepsar-mossor-btcap-collection-kepsar-sv","9":"first","10":"instock","11":"taxable","12":"shipping-taxable","13":"purchasable","14":"product-type-variable"},"acf":[],"_links":{"self":[{"href":"https:\/\/www.atta45.se\/e-butik\/wp-json\/wp\/v2\/product\/79950","targetHints":{"allow":["GET"]}}],"collection":[{"href":"https:\/\/www.atta45.se\/e-butik\/wp-json\/wp\/v2\/product"}],"about":[{"href":"https:\/\/www.atta45.se\/e-butik\/wp-json\/wp\/v2\/types\/product"}],"wp:featuredmedia":[{"embeddable":true,"href":"https:\/\/www.atta45.se\/e-butik\/wp-json\/wp\/v2\/media\/79951"}],"wp:attachment":[{"href":"https:\/\/www.atta45.se\/e-butik\/wp-json\/wp\/v2\/media?parent=79950"}],"wp:term":[{"taxonomy":"product_brand","embeddable":true,"href":"https:\/\/www.atta45.se\/e-butik\/wp-json\/wp\/v2\/product_brand?post=79950"},{"taxonomy":"product_cat","embeddable":true,"href":"https:\/\/www.atta45.se\/e-butik\/wp-json\/wp\/v2\/product_cat?post=79950"},{"taxonomy":"product_tag","embeddable":true,"href":"https:\/\/www.atta45.se\/e-butik\/wp-json\/wp\/v2\/product_tag?post=79950"}],"curies":[{"name":"wp","href":"https:\/\/api.w.org\/{rel}","templated":true}]}}