{"id":79618,"date":"2024-12-27T03:28:07","date_gmt":"2024-12-27T02:28:07","guid":{"rendered":"https:\/\/www.atta45.se\/e-butik\/?post_type=product&#038;p=79618"},"modified":"2025-10-27T18:45:36","modified_gmt":"2025-10-27T17:45:36","slug":"keps-trendy","status":"publish","type":"product","link":"https:\/\/www.atta45.se\/e-butik\/produkt\/keps-trendy\/","title":{"rendered":"Keps Trendy"},"content":{"rendered":"<p> Den TRENDY kepsen \u00e4r ny designad vuxenkeps som finns i olika f\u00e4rgvariationer. Kontrastf\u00e4rger \u00e4r de dominerande &#8211; dubbellager topp med s\u00f6mmar, \u00f6ljetter och bomullssvettband \u00e4r de delar d\u00e4r kontrastf\u00e4rgerna uppst\u00e5r.<\/p>\n<p>BtCap<\/p>\n","protected":false},"excerpt":{"rendered":"<p>Den TRENDY kepsen \u00e4r ny designad vuxenkeps som finns i olika f\u00e4rgvariationer. Kontrastf\u00e4rger \u00e4r de dominerande &#8211; dubbellager topp med s\u00f6mmar, \u00f6ljetter och bomullssvettband \u00e4r de delar d\u00e4r kontrastf\u00e4rgerna uppst\u00e5r. BtCap<\/p>\n","protected":false},"featured_media":79619,"template":"","meta":{"_acf_changed":false,"_seopress_robots_primary_cat":"","_seopress_titles_title":"","_seopress_titles_desc":"","_seopress_robots_index":""},"product_brand":[],"product_cat":[15],"product_tag":[],"class_list":{"0":"post-79618","1":"product","2":"type-product","3":"status-publish","4":"has-post-thumbnail","6":"product_cat-okategoriserad","7":"atta45_taxonomy-kepsar-mossor-btcap-collection-kepsar-sv","9":"first","10":"instock","11":"taxable","12":"shipping-taxable","13":"purchasable","14":"product-type-variable"},"acf":[],"_links":{"self":[{"href":"https:\/\/www.atta45.se\/e-butik\/wp-json\/wp\/v2\/product\/79618","targetHints":{"allow":["GET"]}}],"collection":[{"href":"https:\/\/www.atta45.se\/e-butik\/wp-json\/wp\/v2\/product"}],"about":[{"href":"https:\/\/www.atta45.se\/e-butik\/wp-json\/wp\/v2\/types\/product"}],"wp:featuredmedia":[{"embeddable":true,"href":"https:\/\/www.atta45.se\/e-butik\/wp-json\/wp\/v2\/media\/79619"}],"wp:attachment":[{"href":"https:\/\/www.atta45.se\/e-butik\/wp-json\/wp\/v2\/media?parent=79618"}],"wp:term":[{"taxonomy":"product_brand","embeddable":true,"href":"https:\/\/www.atta45.se\/e-butik\/wp-json\/wp\/v2\/product_brand?post=79618"},{"taxonomy":"product_cat","embeddable":true,"href":"https:\/\/www.atta45.se\/e-butik\/wp-json\/wp\/v2\/product_cat?post=79618"},{"taxonomy":"product_tag","embeddable":true,"href":"https:\/\/www.atta45.se\/e-butik\/wp-json\/wp\/v2\/product_tag?post=79618"}],"curies":[{"name":"wp","href":"https:\/\/api.w.org\/{rel}","templated":true}]}}