{"id":79102,"date":"2024-12-27T03:21:22","date_gmt":"2024-12-27T02:21:22","guid":{"rendered":"https:\/\/www.atta45.se\/e-butik\/?post_type=product&#038;p=79102"},"modified":"2025-10-27T18:42:17","modified_gmt":"2025-10-27T17:42:17","slug":"keps-ash-jersey","status":"publish","type":"product","link":"https:\/\/www.atta45.se\/e-butik\/produkt\/keps-ash-jersey\/","title":{"rendered":"Keps Ash jersey"},"content":{"rendered":"<p>ASH JERSEY \u00e4r en keps av unisextyp med sj\u00e4lvtygsrem med silvereffektsp\u00e4nne och genomf\u00f6ring. Den finns i olika f\u00e4rgkombinationer. Denna tv\u00e5f\u00e4rgade keps \u00e4r ett moderiktigt tillbeh\u00f6r som \u00e4r bra inte bara p\u00e5 sommardagar.<\/p>\n<p>BtCap<\/p>\n","protected":false},"excerpt":{"rendered":"<p>ASH JERSEY \u00e4r en keps av unisextyp med sj\u00e4lvtygsrem med silvereffektsp\u00e4nne och genomf\u00f6ring. Den finns i olika f\u00e4rgkombinationer. Denna tv\u00e5f\u00e4rgade keps \u00e4r ett moderiktigt tillbeh\u00f6r som \u00e4r bra inte bara p\u00e5 sommardagar. BtCap<\/p>\n","protected":false},"featured_media":79103,"template":"","meta":{"_acf_changed":false,"_seopress_robots_primary_cat":"","_seopress_titles_title":"","_seopress_titles_desc":"","_seopress_robots_index":""},"product_brand":[],"product_cat":[15],"product_tag":[],"class_list":{"0":"post-79102","1":"product","2":"type-product","3":"status-publish","4":"has-post-thumbnail","6":"product_cat-okategoriserad","7":"atta45_taxonomy-kepsar-mossor-btcap-collection-kepsar-sv","9":"first","10":"instock","11":"taxable","12":"shipping-taxable","13":"purchasable","14":"product-type-variable"},"acf":[],"_links":{"self":[{"href":"https:\/\/www.atta45.se\/e-butik\/wp-json\/wp\/v2\/product\/79102","targetHints":{"allow":["GET"]}}],"collection":[{"href":"https:\/\/www.atta45.se\/e-butik\/wp-json\/wp\/v2\/product"}],"about":[{"href":"https:\/\/www.atta45.se\/e-butik\/wp-json\/wp\/v2\/types\/product"}],"wp:featuredmedia":[{"embeddable":true,"href":"https:\/\/www.atta45.se\/e-butik\/wp-json\/wp\/v2\/media\/79103"}],"wp:attachment":[{"href":"https:\/\/www.atta45.se\/e-butik\/wp-json\/wp\/v2\/media?parent=79102"}],"wp:term":[{"taxonomy":"product_brand","embeddable":true,"href":"https:\/\/www.atta45.se\/e-butik\/wp-json\/wp\/v2\/product_brand?post=79102"},{"taxonomy":"product_cat","embeddable":true,"href":"https:\/\/www.atta45.se\/e-butik\/wp-json\/wp\/v2\/product_cat?post=79102"},{"taxonomy":"product_tag","embeddable":true,"href":"https:\/\/www.atta45.se\/e-butik\/wp-json\/wp\/v2\/product_tag?post=79102"}],"curies":[{"name":"wp","href":"https:\/\/api.w.org\/{rel}","templated":true}]}}