{"id":79040,"date":"2024-12-27T03:20:39","date_gmt":"2024-12-27T02:20:39","guid":{"rendered":"https:\/\/www.atta45.se\/e-butik\/?post_type=product&#038;p=79040"},"modified":"2025-10-27T18:41:56","modified_gmt":"2025-10-27T17:41:56","slug":"keps-meshfit-sandwish","status":"publish","type":"product","link":"https:\/\/www.atta45.se\/e-butik\/produkt\/keps-meshfit-sandwish\/","title":{"rendered":"Keps Meshfit Sandwish"},"content":{"rendered":"<p>Den nya MESHFIT \u00e4r en tv\u00e5f\u00e4rgad keps, som kommer i fem olika f\u00e4rgversioner. Denna keps med delvis n\u00e4t \u00e4r b\u00e4st l\u00e4mpad f\u00f6r varma sommardagar. Bent peak \u00e4r en snygg accessoar.<\/p>\n<p>BtCap<\/p>\n","protected":false},"excerpt":{"rendered":"<p>Den nya MESHFIT \u00e4r en tv\u00e5f\u00e4rgad keps, som kommer i fem olika f\u00e4rgversioner. Denna keps med delvis n\u00e4t \u00e4r b\u00e4st l\u00e4mpad f\u00f6r varma sommardagar. Bent peak \u00e4r en snygg accessoar. BtCap<\/p>\n","protected":false},"featured_media":79041,"template":"","meta":{"_acf_changed":false,"_seopress_robots_primary_cat":"","_seopress_titles_title":"","_seopress_titles_desc":"","_seopress_robots_index":""},"product_brand":[],"product_cat":[15],"product_tag":[],"class_list":{"0":"post-79040","1":"product","2":"type-product","3":"status-publish","4":"has-post-thumbnail","6":"product_cat-okategoriserad","7":"atta45_taxonomy-kepsar-mossor-btcap-collection-kepsar-sv","9":"first","10":"instock","11":"taxable","12":"shipping-taxable","13":"purchasable","14":"product-type-variable"},"acf":[],"_links":{"self":[{"href":"https:\/\/www.atta45.se\/e-butik\/wp-json\/wp\/v2\/product\/79040","targetHints":{"allow":["GET"]}}],"collection":[{"href":"https:\/\/www.atta45.se\/e-butik\/wp-json\/wp\/v2\/product"}],"about":[{"href":"https:\/\/www.atta45.se\/e-butik\/wp-json\/wp\/v2\/types\/product"}],"wp:featuredmedia":[{"embeddable":true,"href":"https:\/\/www.atta45.se\/e-butik\/wp-json\/wp\/v2\/media\/79041"}],"wp:attachment":[{"href":"https:\/\/www.atta45.se\/e-butik\/wp-json\/wp\/v2\/media?parent=79040"}],"wp:term":[{"taxonomy":"product_brand","embeddable":true,"href":"https:\/\/www.atta45.se\/e-butik\/wp-json\/wp\/v2\/product_brand?post=79040"},{"taxonomy":"product_cat","embeddable":true,"href":"https:\/\/www.atta45.se\/e-butik\/wp-json\/wp\/v2\/product_cat?post=79040"},{"taxonomy":"product_tag","embeddable":true,"href":"https:\/\/www.atta45.se\/e-butik\/wp-json\/wp\/v2\/product_tag?post=79040"}],"curies":[{"name":"wp","href":"https:\/\/api.w.org\/{rel}","templated":true}]}}