{"id":78860,"date":"2024-12-27T03:18:33","date_gmt":"2024-12-27T02:18:33","guid":{"rendered":"https:\/\/www.atta45.se\/e-butik\/?post_type=product&#038;p=78860"},"modified":"2025-10-27T18:40:45","modified_gmt":"2025-10-27T17:40:45","slug":"keps-fitmesh","status":"publish","type":"product","link":"https:\/\/www.atta45.se\/e-butik\/produkt\/keps-fitmesh\/","title":{"rendered":"Keps Fitmesh"},"content":{"rendered":"<p> Frammaterial &#8211; 100% polyester och bakmaterial \u00e4r spandex nylonn\u00e4t. Helt st\u00e4ngd baksida. Nylonn\u00e4t \u00e4r mycket bekv\u00e4mt att b\u00e4ra.<\/p>\n<p>BtCap<\/p>\n","protected":false},"excerpt":{"rendered":"<p>Frammaterial &#8211; 100% polyester och bakmaterial \u00e4r spandex nylonn\u00e4t. Helt st\u00e4ngd baksida. Nylonn\u00e4t \u00e4r mycket bekv\u00e4mt att b\u00e4ra. BtCap<\/p>\n","protected":false},"featured_media":78861,"template":"","meta":{"_acf_changed":false,"_seopress_robots_primary_cat":"","_seopress_titles_title":"","_seopress_titles_desc":"","_seopress_robots_index":""},"product_brand":[],"product_cat":[15],"product_tag":[],"class_list":{"0":"post-78860","1":"product","2":"type-product","3":"status-publish","4":"has-post-thumbnail","6":"product_cat-okategoriserad","7":"atta45_taxonomy-kepsar-mossor-btcap-collection-kepsar-sv","9":"first","10":"instock","11":"taxable","12":"shipping-taxable","13":"purchasable","14":"product-type-variable"},"acf":[],"_links":{"self":[{"href":"https:\/\/www.atta45.se\/e-butik\/wp-json\/wp\/v2\/product\/78860","targetHints":{"allow":["GET"]}}],"collection":[{"href":"https:\/\/www.atta45.se\/e-butik\/wp-json\/wp\/v2\/product"}],"about":[{"href":"https:\/\/www.atta45.se\/e-butik\/wp-json\/wp\/v2\/types\/product"}],"wp:featuredmedia":[{"embeddable":true,"href":"https:\/\/www.atta45.se\/e-butik\/wp-json\/wp\/v2\/media\/78861"}],"wp:attachment":[{"href":"https:\/\/www.atta45.se\/e-butik\/wp-json\/wp\/v2\/media?parent=78860"}],"wp:term":[{"taxonomy":"product_brand","embeddable":true,"href":"https:\/\/www.atta45.se\/e-butik\/wp-json\/wp\/v2\/product_brand?post=78860"},{"taxonomy":"product_cat","embeddable":true,"href":"https:\/\/www.atta45.se\/e-butik\/wp-json\/wp\/v2\/product_cat?post=78860"},{"taxonomy":"product_tag","embeddable":true,"href":"https:\/\/www.atta45.se\/e-butik\/wp-json\/wp\/v2\/product_tag?post=78860"}],"curies":[{"name":"wp","href":"https:\/\/api.w.org\/{rel}","templated":true}]}}