{"id":78798,"date":"2024-12-27T03:17:50","date_gmt":"2024-12-27T02:17:50","guid":{"rendered":"https:\/\/www.atta45.se\/e-butik\/?post_type=product&#038;p=78798"},"modified":"2025-10-27T18:40:29","modified_gmt":"2025-10-27T17:40:29","slug":"keps-ribbed-sandwish","status":"publish","type":"product","link":"https:\/\/www.atta45.se\/e-butik\/produkt\/keps-ribbed-sandwish\/","title":{"rendered":"Keps Ribbed Sandwish"},"content":{"rendered":"<p>RIBBED \u00e4r en klassisk unisex-keps med silversp\u00e4nne som vi erbjuder i fem olika f\u00e4rger. Svettband i bomull ser till att det blir bekv\u00e4mt att b\u00e4ra det under de varma sommardagarna.<\/p>\n<p>BtCap<\/p>\n","protected":false},"excerpt":{"rendered":"<p>RIBBED \u00e4r en klassisk unisex-keps med silversp\u00e4nne som vi erbjuder i fem olika f\u00e4rger. Svettband i bomull ser till att det blir bekv\u00e4mt att b\u00e4ra det under de varma sommardagarna. BtCap<\/p>\n","protected":false},"featured_media":78799,"template":"","meta":{"_acf_changed":false,"_seopress_robots_primary_cat":"","_seopress_titles_title":"","_seopress_titles_desc":"","_seopress_robots_index":""},"product_brand":[],"product_cat":[15],"product_tag":[],"class_list":{"0":"post-78798","1":"product","2":"type-product","3":"status-publish","4":"has-post-thumbnail","6":"product_cat-okategoriserad","7":"atta45_taxonomy-kepsar-mossor-btcap-collection-kepsar-sv","9":"first","10":"instock","11":"taxable","12":"shipping-taxable","13":"purchasable","14":"product-type-variable"},"acf":[],"_links":{"self":[{"href":"https:\/\/www.atta45.se\/e-butik\/wp-json\/wp\/v2\/product\/78798","targetHints":{"allow":["GET"]}}],"collection":[{"href":"https:\/\/www.atta45.se\/e-butik\/wp-json\/wp\/v2\/product"}],"about":[{"href":"https:\/\/www.atta45.se\/e-butik\/wp-json\/wp\/v2\/types\/product"}],"wp:featuredmedia":[{"embeddable":true,"href":"https:\/\/www.atta45.se\/e-butik\/wp-json\/wp\/v2\/media\/78799"}],"wp:attachment":[{"href":"https:\/\/www.atta45.se\/e-butik\/wp-json\/wp\/v2\/media?parent=78798"}],"wp:term":[{"taxonomy":"product_brand","embeddable":true,"href":"https:\/\/www.atta45.se\/e-butik\/wp-json\/wp\/v2\/product_brand?post=78798"},{"taxonomy":"product_cat","embeddable":true,"href":"https:\/\/www.atta45.se\/e-butik\/wp-json\/wp\/v2\/product_cat?post=78798"},{"taxonomy":"product_tag","embeddable":true,"href":"https:\/\/www.atta45.se\/e-butik\/wp-json\/wp\/v2\/product_tag?post=78798"}],"curies":[{"name":"wp","href":"https:\/\/api.w.org\/{rel}","templated":true}]}}