{"id":78605,"date":"2024-12-27T03:15:37","date_gmt":"2024-12-27T02:15:37","guid":{"rendered":"https:\/\/www.atta45.se\/e-butik\/?post_type=product&#038;p=78605"},"modified":"2025-10-27T18:28:09","modified_gmt":"2025-10-27T17:28:09","slug":"keps-snap-mesh","status":"publish","type":"product","link":"https:\/\/www.atta45.se\/e-butik\/produkt\/keps-snap-mesh\/","title":{"rendered":"Keps Snap Mesh"},"content":{"rendered":"<p>V\u00e4ldigt cool och snygg snapback med mesh och plastf\u00f6rslutning. I olika f\u00e4rgkombinationer.<\/p>\n<p>BtCap<\/p>\n","protected":false},"excerpt":{"rendered":"<p>V\u00e4ldigt cool och snygg snapback med mesh och plastf\u00f6rslutning. I olika f\u00e4rgkombinationer. BtCap<\/p>\n","protected":false},"featured_media":78606,"template":"","meta":{"_acf_changed":false,"_seopress_robots_primary_cat":"","_seopress_titles_title":"","_seopress_titles_desc":"","_seopress_robots_index":""},"product_brand":[],"product_cat":[15],"product_tag":[],"class_list":{"0":"post-78605","1":"product","2":"type-product","3":"status-publish","4":"has-post-thumbnail","6":"product_cat-okategoriserad","7":"atta45_taxonomy-kepsar-mossor-btcap-collection-kepsar-sv","9":"first","10":"instock","11":"taxable","12":"shipping-taxable","13":"purchasable","14":"product-type-variable"},"acf":[],"_links":{"self":[{"href":"https:\/\/www.atta45.se\/e-butik\/wp-json\/wp\/v2\/product\/78605","targetHints":{"allow":["GET"]}}],"collection":[{"href":"https:\/\/www.atta45.se\/e-butik\/wp-json\/wp\/v2\/product"}],"about":[{"href":"https:\/\/www.atta45.se\/e-butik\/wp-json\/wp\/v2\/types\/product"}],"wp:featuredmedia":[{"embeddable":true,"href":"https:\/\/www.atta45.se\/e-butik\/wp-json\/wp\/v2\/media\/78606"}],"wp:attachment":[{"href":"https:\/\/www.atta45.se\/e-butik\/wp-json\/wp\/v2\/media?parent=78605"}],"wp:term":[{"taxonomy":"product_brand","embeddable":true,"href":"https:\/\/www.atta45.se\/e-butik\/wp-json\/wp\/v2\/product_brand?post=78605"},{"taxonomy":"product_cat","embeddable":true,"href":"https:\/\/www.atta45.se\/e-butik\/wp-json\/wp\/v2\/product_cat?post=78605"},{"taxonomy":"product_tag","embeddable":true,"href":"https:\/\/www.atta45.se\/e-butik\/wp-json\/wp\/v2\/product_tag?post=78605"}],"curies":[{"name":"wp","href":"https:\/\/api.w.org\/{rel}","templated":true}]}}