{"id":78386,"date":"2024-12-27T03:12:55","date_gmt":"2024-12-27T02:12:55","guid":{"rendered":"https:\/\/www.atta45.se\/e-butik\/?post_type=product&#038;p=78386"},"modified":"2025-10-27T18:26:46","modified_gmt":"2025-10-27T17:26:46","slug":"keps-sabbot-flex","status":"publish","type":"product","link":"https:\/\/www.atta45.se\/e-butik\/produkt\/keps-sabbot-flex\/","title":{"rendered":"Keps Sabbot Flex"},"content":{"rendered":"<p>En mycket popul\u00e4r och trendig keps.<br \/>Visir med rak topp (kan b\u00f6jas efter behov). Kepsen har en h\u00f6g profil och \u00e4r gjord av 82% akryl + 15% ull + 3% spandex.<\/p>\n<p>BtCap<\/p>\n","protected":false},"excerpt":{"rendered":"<p>En mycket popul\u00e4r och trendig keps.Visir med rak topp (kan b\u00f6jas efter behov). Kepsen har en h\u00f6g profil och \u00e4r gjord av 82% akryl + 15% ull + 3% spandex. BtCap<\/p>\n","protected":false},"featured_media":78387,"template":"","meta":{"_acf_changed":false,"_seopress_robots_primary_cat":"","_seopress_titles_title":"","_seopress_titles_desc":"","_seopress_robots_index":""},"product_brand":[],"product_cat":[15],"product_tag":[],"class_list":{"0":"post-78386","1":"product","2":"type-product","3":"status-publish","4":"has-post-thumbnail","6":"product_cat-okategoriserad","7":"atta45_taxonomy-kepsar-mossor-btcap-collection-kepsar-sv","9":"first","10":"instock","11":"taxable","12":"shipping-taxable","13":"purchasable","14":"product-type-variable"},"acf":[],"_links":{"self":[{"href":"https:\/\/www.atta45.se\/e-butik\/wp-json\/wp\/v2\/product\/78386","targetHints":{"allow":["GET"]}}],"collection":[{"href":"https:\/\/www.atta45.se\/e-butik\/wp-json\/wp\/v2\/product"}],"about":[{"href":"https:\/\/www.atta45.se\/e-butik\/wp-json\/wp\/v2\/types\/product"}],"wp:featuredmedia":[{"embeddable":true,"href":"https:\/\/www.atta45.se\/e-butik\/wp-json\/wp\/v2\/media\/78387"}],"wp:attachment":[{"href":"https:\/\/www.atta45.se\/e-butik\/wp-json\/wp\/v2\/media?parent=78386"}],"wp:term":[{"taxonomy":"product_brand","embeddable":true,"href":"https:\/\/www.atta45.se\/e-butik\/wp-json\/wp\/v2\/product_brand?post=78386"},{"taxonomy":"product_cat","embeddable":true,"href":"https:\/\/www.atta45.se\/e-butik\/wp-json\/wp\/v2\/product_cat?post=78386"},{"taxonomy":"product_tag","embeddable":true,"href":"https:\/\/www.atta45.se\/e-butik\/wp-json\/wp\/v2\/product_tag?post=78386"}],"curies":[{"name":"wp","href":"https:\/\/api.w.org\/{rel}","templated":true}]}}