{"id":78109,"date":"2024-12-27T03:08:37","date_gmt":"2024-12-27T02:08:37","guid":{"rendered":"https:\/\/www.atta45.se\/e-butik\/?post_type=product&#038;p=78109"},"modified":"2025-10-27T18:32:08","modified_gmt":"2025-10-27T17:32:08","slug":"pannband-beam","status":"publish","type":"product","link":"https:\/\/www.atta45.se\/e-butik\/produkt\/pannband-beam\/","title":{"rendered":"Pannband Beam"},"content":{"rendered":"<p>Du tittar p\u00e5 ett vackert och bekv\u00e4mt pannband fr\u00e5n BT-Cap. Det \u00e4r en fantastisk present under vinters\u00e4songen f\u00f6r varje kvinna. Det kommer att fungera perfekt under kalla dagar n\u00e4r du bara vill t\u00e4cka \u00f6ronen inte hela huvudet.<\/p>\n<p>BtCap<\/p>\n","protected":false},"excerpt":{"rendered":"<p>Du tittar p\u00e5 ett vackert och bekv\u00e4mt pannband fr\u00e5n BT-Cap. Det \u00e4r en fantastisk present under vinters\u00e4songen f\u00f6r varje kvinna. Det kommer att fungera perfekt under kalla dagar n\u00e4r du bara vill t\u00e4cka \u00f6ronen inte hela huvudet. BtCap<\/p>\n","protected":false},"featured_media":78110,"template":"","meta":{"_acf_changed":false,"_seopress_robots_primary_cat":"","_seopress_titles_title":"","_seopress_titles_desc":"","_seopress_robots_index":""},"product_brand":[],"product_cat":[15],"product_tag":[],"class_list":{"0":"post-78109","1":"product","2":"type-product","3":"status-publish","4":"has-post-thumbnail","6":"product_cat-okategoriserad","7":"atta45_taxonomy-kepsar-mossor-btcap-collection-halsdukar-scarves-sv","9":"first","10":"instock","11":"taxable","12":"shipping-taxable","13":"purchasable","14":"product-type-variable"},"acf":[],"_links":{"self":[{"href":"https:\/\/www.atta45.se\/e-butik\/wp-json\/wp\/v2\/product\/78109","targetHints":{"allow":["GET"]}}],"collection":[{"href":"https:\/\/www.atta45.se\/e-butik\/wp-json\/wp\/v2\/product"}],"about":[{"href":"https:\/\/www.atta45.se\/e-butik\/wp-json\/wp\/v2\/types\/product"}],"wp:featuredmedia":[{"embeddable":true,"href":"https:\/\/www.atta45.se\/e-butik\/wp-json\/wp\/v2\/media\/78110"}],"wp:attachment":[{"href":"https:\/\/www.atta45.se\/e-butik\/wp-json\/wp\/v2\/media?parent=78109"}],"wp:term":[{"taxonomy":"product_brand","embeddable":true,"href":"https:\/\/www.atta45.se\/e-butik\/wp-json\/wp\/v2\/product_brand?post=78109"},{"taxonomy":"product_cat","embeddable":true,"href":"https:\/\/www.atta45.se\/e-butik\/wp-json\/wp\/v2\/product_cat?post=78109"},{"taxonomy":"product_tag","embeddable":true,"href":"https:\/\/www.atta45.se\/e-butik\/wp-json\/wp\/v2\/product_tag?post=78109"}],"curies":[{"name":"wp","href":"https:\/\/api.w.org\/{rel}","templated":true}]}}