{"id":78061,"date":"2024-12-27T03:07:47","date_gmt":"2024-12-27T02:07:47","guid":{"rendered":"https:\/\/www.atta45.se\/e-butik\/?post_type=product&#038;p=78061"},"modified":"2025-10-28T03:09:07","modified_gmt":"2025-10-28T02:09:07","slug":"kasse-i-rpet","status":"publish","type":"product","link":"https:\/\/www.atta45.se\/e-butik\/produkt\/kasse-i-rpet\/","title":{"rendered":"Kasse i RPET"},"content":{"rendered":"<p>Snygga laminerade kassar, tryckta med fototryck. Priserna inkluderar tryck p\u00e5 fyra sidor.<br \/>Producerade i RPET-material (\u00e5tervunna flaskor)<\/p>\n<p>Handtag 2,5 x 50 cm, \u00e4r gjorda i nylon, och finns i en Pantonef\u00e4rg, s\u00e5 n\u00e4ra \u00f6nskem\u00e5let vi kan finna.<\/p>\n","protected":false},"excerpt":{"rendered":"<p>Snygga laminerade kassar, tryckta med fototryck. Priserna inkluderar tryck p\u00e5 fyra sidor.Producerade i RPET-material (\u00e5tervunna flaskor) Handtag 2,5 x 50 cm, \u00e4r gjorda i nylon, och finns i en Pantonef\u00e4rg, s\u00e5 n\u00e4ra \u00f6nskem\u00e5let vi kan finna.<\/p>\n","protected":false},"featured_media":78062,"template":"","meta":{"_acf_changed":false,"_seopress_robots_primary_cat":"","_seopress_titles_title":"","_seopress_titles_desc":"","_seopress_robots_index":""},"product_brand":[],"product_cat":[15],"product_tag":[],"class_list":{"0":"post-78061","1":"product","2":"type-product","3":"status-publish","4":"has-post-thumbnail","6":"product_cat-okategoriserad","7":"atta45_taxonomy-kassar-pasar-kassar-sv","8":"atta45_taxonomy-textil-vaskor-bagar-sv","9":"atta45_taxonomy-tema-inspiration-varumarken-ycp-sv","11":"first","12":"instock","13":"taxable","14":"shipping-taxable","15":"purchasable","16":"product-type-variable"},"acf":[],"_links":{"self":[{"href":"https:\/\/www.atta45.se\/e-butik\/wp-json\/wp\/v2\/product\/78061","targetHints":{"allow":["GET"]}}],"collection":[{"href":"https:\/\/www.atta45.se\/e-butik\/wp-json\/wp\/v2\/product"}],"about":[{"href":"https:\/\/www.atta45.se\/e-butik\/wp-json\/wp\/v2\/types\/product"}],"wp:featuredmedia":[{"embeddable":true,"href":"https:\/\/www.atta45.se\/e-butik\/wp-json\/wp\/v2\/media\/78062"}],"wp:attachment":[{"href":"https:\/\/www.atta45.se\/e-butik\/wp-json\/wp\/v2\/media?parent=78061"}],"wp:term":[{"taxonomy":"product_brand","embeddable":true,"href":"https:\/\/www.atta45.se\/e-butik\/wp-json\/wp\/v2\/product_brand?post=78061"},{"taxonomy":"product_cat","embeddable":true,"href":"https:\/\/www.atta45.se\/e-butik\/wp-json\/wp\/v2\/product_cat?post=78061"},{"taxonomy":"product_tag","embeddable":true,"href":"https:\/\/www.atta45.se\/e-butik\/wp-json\/wp\/v2\/product_tag?post=78061"}],"curies":[{"name":"wp","href":"https:\/\/api.w.org\/{rel}","templated":true}]}}