{"id":78043,"date":"2024-12-27T03:07:29","date_gmt":"2024-12-27T02:07:29","guid":{"rendered":"https:\/\/www.atta45.se\/e-butik\/?post_type=product&#038;p=78043"},"modified":"2025-10-28T00:39:14","modified_gmt":"2025-10-27T23:39:14","slug":"fodral-till-lasplatta-tryck-2-sidor-eu","status":"publish","type":"product","link":"https:\/\/www.atta45.se\/e-butik\/produkt\/fodral-till-lasplatta-tryck-2-sidor-eu\/","title":{"rendered":"Fodral till l\u00e4splatta (Tryck 2 sidor) EU"},"content":{"rendered":"<p>En produkt tillverkad i Europa<\/p>\n<p>Fodral f\u00f6r b\u00e4rbar dator eller surfplatta tillverkad av slitstarkt skum och mjukt material.<br \/>Tryck p\u00e5 hela ytan med sublimeringsteknik.<\/p>\n<p>Tyg: skum, mjukt material<br \/>Storlek: 10&#8243;, 12-13&#8243;, 14&#8243;, 15-16&#8243;<br \/>Markeringspunkter: hela ytan<br \/>M\u00e4rkning: sublimering<br \/>Svamptjocklek: 8 mm<\/p>\n<p>The One Premium<\/p>\n","protected":false},"excerpt":{"rendered":"<p>En produkt tillverkad i Europa Fodral f\u00f6r b\u00e4rbar dator eller surfplatta tillverkad av slitstarkt skum och mjukt material.Tryck p\u00e5 hela ytan med sublimeringsteknik. Tyg: skum, mjukt materialStorlek: 10&#8243;, 12-13&#8243;, 14&#8243;, 15-16&#8243;Markeringspunkter: hela ytanM\u00e4rkning: sublimeringSvamptjocklek: 8 mm The One Premium<\/p>\n","protected":false},"featured_media":78044,"template":"","meta":{"_acf_changed":false,"_seopress_robots_primary_cat":"","_seopress_titles_title":"","_seopress_titles_desc":"","_seopress_robots_index":""},"product_brand":[],"product_cat":[15],"product_tag":[],"class_list":{"0":"post-78043","1":"product","2":"type-product","3":"status-publish","4":"has-post-thumbnail","6":"product_cat-okategoriserad","7":"atta45_taxonomy-kassar-pasar-kassar-sv","8":"atta45_taxonomy-vaskor-resetillbehor-ryggsackar-sv","9":"atta45_taxonomy-tema-inspiration-varumarken-the-one-premium-sv","10":"atta45_taxonomy-textil-vaskor-bagar-sv","12":"first","13":"instock","14":"taxable","15":"shipping-taxable","16":"purchasable","17":"product-type-variable"},"acf":[],"_links":{"self":[{"href":"https:\/\/www.atta45.se\/e-butik\/wp-json\/wp\/v2\/product\/78043","targetHints":{"allow":["GET"]}}],"collection":[{"href":"https:\/\/www.atta45.se\/e-butik\/wp-json\/wp\/v2\/product"}],"about":[{"href":"https:\/\/www.atta45.se\/e-butik\/wp-json\/wp\/v2\/types\/product"}],"wp:featuredmedia":[{"embeddable":true,"href":"https:\/\/www.atta45.se\/e-butik\/wp-json\/wp\/v2\/media\/78044"}],"wp:attachment":[{"href":"https:\/\/www.atta45.se\/e-butik\/wp-json\/wp\/v2\/media?parent=78043"}],"wp:term":[{"taxonomy":"product_brand","embeddable":true,"href":"https:\/\/www.atta45.se\/e-butik\/wp-json\/wp\/v2\/product_brand?post=78043"},{"taxonomy":"product_cat","embeddable":true,"href":"https:\/\/www.atta45.se\/e-butik\/wp-json\/wp\/v2\/product_cat?post=78043"},{"taxonomy":"product_tag","embeddable":true,"href":"https:\/\/www.atta45.se\/e-butik\/wp-json\/wp\/v2\/product_tag?post=78043"}],"curies":[{"name":"wp","href":"https:\/\/api.w.org\/{rel}","templated":true}]}}