{"id":77975,"date":"2024-12-27T03:05:58","date_gmt":"2024-12-27T02:05:58","guid":{"rendered":"https:\/\/www.atta45.se\/e-butik\/?post_type=product&#038;p=77975"},"modified":"2025-10-27T17:59:34","modified_gmt":"2025-10-27T16:59:34","slug":"strandvaska-eu","status":"publish","type":"product","link":"https:\/\/www.atta45.se\/e-butik\/produkt\/strandvaska-eu\/","title":{"rendered":"Strandv\u00e4ska EU"},"content":{"rendered":"<p>En produkt tillverkad i Europa<\/p>\n<p>Strandv\u00e4ska perfekt f\u00f6r en dag p\u00e5 stranden.<\/p>\n<p>Material: 100 % polyester<\/p>\n<p>Storlek: 32 x 43 x 6 cm (+\/- 1 cm)<br \/>Tryck: Sublimering<\/p>\n<p>The One Premium<\/p>\n","protected":false},"excerpt":{"rendered":"<p>En produkt tillverkad i Europa Strandv\u00e4ska perfekt f\u00f6r en dag p\u00e5 stranden. Material: 100 % polyester Storlek: 32 x 43 x 6 cm (+\/- 1 cm)Tryck: Sublimering The One Premium<\/p>\n","protected":false},"featured_media":77976,"template":"","meta":{"_acf_changed":false,"_seopress_robots_primary_cat":"","_seopress_titles_title":"","_seopress_titles_desc":"","_seopress_robots_index":""},"product_brand":[],"product_cat":[15],"product_tag":[],"class_list":{"0":"post-77975","1":"product","2":"type-product","3":"status-publish","4":"has-post-thumbnail","6":"product_cat-okategoriserad","7":"atta45_taxonomy-kassar-pasar-kassar-sv","8":"atta45_taxonomy-vaskor-resetillbehor-ryggsackar-sv","9":"atta45_taxonomy-tema-inspiration-varumarken-the-one-premium-sv","10":"atta45_taxonomy-textil-vaskor-bagar-sv","12":"first","13":"instock","14":"taxable","15":"shipping-taxable","16":"purchasable","17":"product-type-variable"},"acf":[],"_links":{"self":[{"href":"https:\/\/www.atta45.se\/e-butik\/wp-json\/wp\/v2\/product\/77975","targetHints":{"allow":["GET"]}}],"collection":[{"href":"https:\/\/www.atta45.se\/e-butik\/wp-json\/wp\/v2\/product"}],"about":[{"href":"https:\/\/www.atta45.se\/e-butik\/wp-json\/wp\/v2\/types\/product"}],"wp:featuredmedia":[{"embeddable":true,"href":"https:\/\/www.atta45.se\/e-butik\/wp-json\/wp\/v2\/media\/77976"}],"wp:attachment":[{"href":"https:\/\/www.atta45.se\/e-butik\/wp-json\/wp\/v2\/media?parent=77975"}],"wp:term":[{"taxonomy":"product_brand","embeddable":true,"href":"https:\/\/www.atta45.se\/e-butik\/wp-json\/wp\/v2\/product_brand?post=77975"},{"taxonomy":"product_cat","embeddable":true,"href":"https:\/\/www.atta45.se\/e-butik\/wp-json\/wp\/v2\/product_cat?post=77975"},{"taxonomy":"product_tag","embeddable":true,"href":"https:\/\/www.atta45.se\/e-butik\/wp-json\/wp\/v2\/product_tag?post=77975"}],"curies":[{"name":"wp","href":"https:\/\/api.w.org\/{rel}","templated":true}]}}