{"id":77969,"date":"2024-12-27T03:05:49","date_gmt":"2024-12-27T02:05:49","guid":{"rendered":"https:\/\/www.atta45.se\/e-butik\/?post_type=product&#038;p=77969"},"modified":"2025-10-27T17:58:28","modified_gmt":"2025-10-27T16:58:28","slug":"shopping-bag-eu","status":"publish","type":"product","link":"https:\/\/www.atta45.se\/e-butik\/produkt\/shopping-bag-eu\/","title":{"rendered":"Shopping bag EU"},"content":{"rendered":"<p>Shoppingv\u00e4ska med ditt avtryck \u00f6ver hela ytan. V\u00e4skhandtag \u00e4r<br \/>4 cm breda.<\/p>\n<p>Material: 100% polyester<br \/>Storlek: 38 x 38 x 10 cm (\u00b1 1 cm)<br \/>Vikt: 200 gsm<br \/>Markeringspunkter: hela ytan<br \/>M\u00e4rkning: sublimering<\/p>\n<p>The One Premium<\/p>\n","protected":false},"excerpt":{"rendered":"<p>Shoppingv\u00e4ska med ditt avtryck \u00f6ver hela ytan. V\u00e4skhandtag \u00e4r4 cm breda. Material: 100% polyesterStorlek: 38 x 38 x 10 cm (\u00b1 1 cm)Vikt: 200 gsmMarkeringspunkter: hela ytanM\u00e4rkning: sublimering The One Premium<\/p>\n","protected":false},"featured_media":77970,"template":"","meta":{"_acf_changed":false,"_seopress_robots_primary_cat":"","_seopress_titles_title":"","_seopress_titles_desc":"","_seopress_robots_index":""},"product_brand":[],"product_cat":[15],"product_tag":[],"class_list":{"0":"post-77969","1":"product","2":"type-product","3":"status-publish","4":"has-post-thumbnail","6":"product_cat-okategoriserad","7":"atta45_taxonomy-kassar-pasar-kassar-sv","8":"atta45_taxonomy-vaskor-resetillbehor-ryggsackar-sv","9":"atta45_taxonomy-tema-inspiration-varumarken-the-one-premium-sv","10":"atta45_taxonomy-textil-vaskor-bagar-sv","12":"first","13":"instock","14":"taxable","15":"shipping-taxable","16":"purchasable","17":"product-type-variable"},"acf":[],"_links":{"self":[{"href":"https:\/\/www.atta45.se\/e-butik\/wp-json\/wp\/v2\/product\/77969","targetHints":{"allow":["GET"]}}],"collection":[{"href":"https:\/\/www.atta45.se\/e-butik\/wp-json\/wp\/v2\/product"}],"about":[{"href":"https:\/\/www.atta45.se\/e-butik\/wp-json\/wp\/v2\/types\/product"}],"wp:featuredmedia":[{"embeddable":true,"href":"https:\/\/www.atta45.se\/e-butik\/wp-json\/wp\/v2\/media\/77970"}],"wp:attachment":[{"href":"https:\/\/www.atta45.se\/e-butik\/wp-json\/wp\/v2\/media?parent=77969"}],"wp:term":[{"taxonomy":"product_brand","embeddable":true,"href":"https:\/\/www.atta45.se\/e-butik\/wp-json\/wp\/v2\/product_brand?post=77969"},{"taxonomy":"product_cat","embeddable":true,"href":"https:\/\/www.atta45.se\/e-butik\/wp-json\/wp\/v2\/product_cat?post=77969"},{"taxonomy":"product_tag","embeddable":true,"href":"https:\/\/www.atta45.se\/e-butik\/wp-json\/wp\/v2\/product_tag?post=77969"}],"curies":[{"name":"wp","href":"https:\/\/api.w.org\/{rel}","templated":true}]}}