{"id":77919,"date":"2024-12-27T03:04:58","date_gmt":"2024-12-27T02:04:58","guid":{"rendered":"https:\/\/www.atta45.se\/e-butik\/?post_type=product&#038;p=77919"},"modified":"2025-10-27T16:41:35","modified_gmt":"2025-10-27T15:41:35","slug":"shoppingkasse-av-kraftpapper-emery","status":"publish","type":"product","link":"https:\/\/www.atta45.se\/e-butik\/produkt\/shoppingkasse-av-kraftpapper-emery\/","title":{"rendered":"Shoppingkasse av kraftpapper Emery"},"content":{"rendered":"<p>Shoppingkasse av tv\u00e4ttbart kraftpapper med TC (250 gr\/m\u00b2) foder. Med tv\u00e5 korta handtag och tv\u00e5 rep f\u00f6r att sn\u00f6ra kassen.<\/p>\n","protected":false},"excerpt":{"rendered":"<p>Shoppingkasse av tv\u00e4ttbart kraftpapper med TC (250 gr\/m\u00b2) foder. Med tv\u00e5 korta handtag och tv\u00e5 rep f\u00f6r att sn\u00f6ra kassen.<\/p>\n","protected":false},"featured_media":77920,"template":"","meta":{"_acf_changed":false,"_seopress_robots_primary_cat":"","_seopress_titles_title":"","_seopress_titles_desc":"","_seopress_robots_index":""},"product_brand":[],"product_cat":[15],"product_tag":[],"class_list":{"0":"post-77919","1":"product","2":"type-product","3":"status-publish","4":"has-post-thumbnail","6":"product_cat-okategoriserad","7":"atta45_taxonomy-tema-inspiration-grona-intryck-eko-vaskor-sv","8":"atta45_taxonomy-tema-inspiration-grona-intryck-sv","9":"atta45_taxonomy-kassar-pasar-kassar-sv","10":"atta45_taxonomy-tema-inspiration-speciella-trycktekniker-name-it-sv","11":"atta45_taxonomy-vaskor-resetillbehor-ryggsackar-sv","12":"atta45_taxonomy-vaskor-resetillbehor-sport-resvaskor-sv","13":"atta45_taxonomy-vaskor-resetillbehor-strandvaskor-sv","14":"atta45_taxonomy-textil-vaskor-bagar-sv","15":"atta45_taxonomy-vaskor-resetillbehor-sv","17":"first","18":"instock","19":"taxable","20":"shipping-taxable","21":"purchasable","22":"product-type-variable"},"acf":[],"_links":{"self":[{"href":"https:\/\/www.atta45.se\/e-butik\/wp-json\/wp\/v2\/product\/77919","targetHints":{"allow":["GET"]}}],"collection":[{"href":"https:\/\/www.atta45.se\/e-butik\/wp-json\/wp\/v2\/product"}],"about":[{"href":"https:\/\/www.atta45.se\/e-butik\/wp-json\/wp\/v2\/types\/product"}],"wp:featuredmedia":[{"embeddable":true,"href":"https:\/\/www.atta45.se\/e-butik\/wp-json\/wp\/v2\/media\/77920"}],"wp:attachment":[{"href":"https:\/\/www.atta45.se\/e-butik\/wp-json\/wp\/v2\/media?parent=77919"}],"wp:term":[{"taxonomy":"product_brand","embeddable":true,"href":"https:\/\/www.atta45.se\/e-butik\/wp-json\/wp\/v2\/product_brand?post=77919"},{"taxonomy":"product_cat","embeddable":true,"href":"https:\/\/www.atta45.se\/e-butik\/wp-json\/wp\/v2\/product_cat?post=77919"},{"taxonomy":"product_tag","embeddable":true,"href":"https:\/\/www.atta45.se\/e-butik\/wp-json\/wp\/v2\/product_tag?post=77919"}],"curies":[{"name":"wp","href":"https:\/\/api.w.org\/{rel}","templated":true}]}}