{"id":77903,"date":"2024-12-27T03:04:39","date_gmt":"2024-12-27T02:04:39","guid":{"rendered":"https:\/\/www.atta45.se\/e-butik\/?post_type=product&#038;p=77903"},"modified":"2025-10-27T16:21:29","modified_gmt":"2025-10-27T15:21:29","slug":"set-med-tre-atervinningsbara-kassar-i-bomulls-mesh","status":"publish","type":"product","link":"https:\/\/www.atta45.se\/e-butik\/produkt\/set-med-tre-atervinningsbara-kassar-i-bomulls-mesh\/","title":{"rendered":"P\u00e5sar, \u00e5teranv\u00e4ndbara, bomullsn\u00e4t, set om tre Adele"},"content":{"rendered":"<p>\u00c5tervinningsbara p\u00e5sar i bomulls-mesh, i en upps\u00e4ttning av tre, buntade med kraftpapper. P\u00e5sarna st\u00e4ngs med dragsko och har en panel framtil, l\u00e4mplig f\u00f6r tryck.<\/p>\n","protected":false},"excerpt":{"rendered":"<p>\u00c5tervinningsbara p\u00e5sar i bomulls-mesh, i en upps\u00e4ttning av tre, buntade med kraftpapper. P\u00e5sarna st\u00e4ngs med dragsko och har en panel framtil, l\u00e4mplig f\u00f6r tryck.<\/p>\n","protected":false},"featured_media":77904,"template":"","meta":{"_acf_changed":false,"_seopress_robots_primary_cat":"","_seopress_titles_title":"","_seopress_titles_desc":"","_seopress_robots_index":""},"product_brand":[],"product_cat":[15],"product_tag":[],"class_list":{"0":"post-77903","1":"product","2":"type-product","3":"status-publish","4":"has-post-thumbnail","6":"product_cat-okategoriserad","7":"atta45_taxonomy-tema-inspiration-grona-intryck-eko-vaskor-sv","8":"atta45_taxonomy-tema-inspiration-grona-intryck-sv","9":"atta45_taxonomy-kassar-pasar-kassar-sv","10":"atta45_taxonomy-tema-inspiration-grona-intryck-kork-sv","11":"atta45_taxonomy-textil-organiskt-sv","12":"atta45_taxonomy-textil-vaskor-bagar-sv","13":"atta45_taxonomy-vaskor-resetillbehor-sv","15":"first","16":"instock","17":"taxable","18":"shipping-taxable","19":"purchasable","20":"product-type-variable"},"acf":[],"_links":{"self":[{"href":"https:\/\/www.atta45.se\/e-butik\/wp-json\/wp\/v2\/product\/77903","targetHints":{"allow":["GET"]}}],"collection":[{"href":"https:\/\/www.atta45.se\/e-butik\/wp-json\/wp\/v2\/product"}],"about":[{"href":"https:\/\/www.atta45.se\/e-butik\/wp-json\/wp\/v2\/types\/product"}],"wp:featuredmedia":[{"embeddable":true,"href":"https:\/\/www.atta45.se\/e-butik\/wp-json\/wp\/v2\/media\/77904"}],"wp:attachment":[{"href":"https:\/\/www.atta45.se\/e-butik\/wp-json\/wp\/v2\/media?parent=77903"}],"wp:term":[{"taxonomy":"product_brand","embeddable":true,"href":"https:\/\/www.atta45.se\/e-butik\/wp-json\/wp\/v2\/product_brand?post=77903"},{"taxonomy":"product_cat","embeddable":true,"href":"https:\/\/www.atta45.se\/e-butik\/wp-json\/wp\/v2\/product_cat?post=77903"},{"taxonomy":"product_tag","embeddable":true,"href":"https:\/\/www.atta45.se\/e-butik\/wp-json\/wp\/v2\/product_tag?post=77903"}],"curies":[{"name":"wp","href":"https:\/\/api.w.org\/{rel}","templated":true}]}}