{"id":77285,"date":"2024-12-27T02:55:08","date_gmt":"2024-12-27T01:55:08","guid":{"rendered":"https:\/\/www.atta45.se\/e-butik\/?post_type=product&#038;p=77285"},"modified":"2025-10-27T23:45:52","modified_gmt":"2025-10-27T22:45:52","slug":"kasse-promotionpase-a4","status":"publish","type":"product","link":"https:\/\/www.atta45.se\/e-butik\/produkt\/kasse-promotionpase-a4\/","title":{"rendered":"Kasse\/Promotionp\u00e5se (A4) Vienna"},"content":{"rendered":"<p>Promotionp\u00e5se d\u00e4r du snabbt kan skapa och \u00e4ndra ditt budskap. Den transparenta fickan i A4 format p\u00e5 framsidan ger dig m\u00f6jlighet att synas med ditt budskap.<\/p>\n","protected":false},"excerpt":{"rendered":"<p>Promotionp\u00e5se d\u00e4r du snabbt kan skapa och \u00e4ndra ditt budskap. Den transparenta fickan i A4 format p\u00e5 framsidan ger dig m\u00f6jlighet att synas med ditt budskap.<\/p>\n","protected":false},"featured_media":77286,"template":"","meta":{"_acf_changed":false,"_seopress_robots_primary_cat":"","_seopress_titles_title":"","_seopress_titles_desc":"","_seopress_robots_index":""},"product_brand":[],"product_cat":[15],"product_tag":[],"class_list":{"0":"post-77285","1":"product","2":"type-product","3":"status-publish","4":"has-post-thumbnail","6":"product_cat-okategoriserad","7":"atta45_taxonomy-kassar-pasar-kassar-sv","8":"atta45_taxonomy-tema-inspiration-ogonblick-kontorsliv-sv","9":"atta45_taxonomy-tema-inspiration-sv","10":"atta45_taxonomy-reflexer-verktyg-sakerhet-vaskor-sv","11":"atta45_taxonomy-textil-vaskor-bagar-sv","12":"atta45_taxonomy-vaskor-resetillbehor-sv","14":"first","15":"instock","16":"taxable","17":"shipping-taxable","18":"purchasable","19":"product-type-variable"},"acf":[],"_links":{"self":[{"href":"https:\/\/www.atta45.se\/e-butik\/wp-json\/wp\/v2\/product\/77285","targetHints":{"allow":["GET"]}}],"collection":[{"href":"https:\/\/www.atta45.se\/e-butik\/wp-json\/wp\/v2\/product"}],"about":[{"href":"https:\/\/www.atta45.se\/e-butik\/wp-json\/wp\/v2\/types\/product"}],"wp:featuredmedia":[{"embeddable":true,"href":"https:\/\/www.atta45.se\/e-butik\/wp-json\/wp\/v2\/media\/77286"}],"wp:attachment":[{"href":"https:\/\/www.atta45.se\/e-butik\/wp-json\/wp\/v2\/media?parent=77285"}],"wp:term":[{"taxonomy":"product_brand","embeddable":true,"href":"https:\/\/www.atta45.se\/e-butik\/wp-json\/wp\/v2\/product_brand?post=77285"},{"taxonomy":"product_cat","embeddable":true,"href":"https:\/\/www.atta45.se\/e-butik\/wp-json\/wp\/v2\/product_cat?post=77285"},{"taxonomy":"product_tag","embeddable":true,"href":"https:\/\/www.atta45.se\/e-butik\/wp-json\/wp\/v2\/product_tag?post=77285"}],"curies":[{"name":"wp","href":"https:\/\/api.w.org\/{rel}","templated":true}]}}