{"id":77107,"date":"2024-12-27T02:53:12","date_gmt":"2024-12-27T01:53:12","guid":{"rendered":"https:\/\/www.atta45.se\/e-butik\/?post_type=product&#038;p=77107"},"modified":"2025-10-27T23:34:15","modified_gmt":"2025-10-27T22:34:15","slug":"kasse-av-non-woven-80-gr-m2","status":"publish","type":"product","link":"https:\/\/www.atta45.se\/e-butik\/produkt\/kasse-av-non-woven-80-gr-m2\/","title":{"rendered":"Shoppingkasse, Nonwoven (80 gr\/m\u00b2), Talisa"},"content":{"rendered":"<p>B\u00e4rkasse med l\u00e5nga handtag i non vowen material, 80 g\/m\u00b2. G\u00f6r det l\u00e4tt att \u00e4ven b\u00e4ra p\u00e5 axeln.<\/p>\n","protected":false},"excerpt":{"rendered":"<p>B\u00e4rkasse med l\u00e5nga handtag i non vowen material, 80 g\/m\u00b2. G\u00f6r det l\u00e4tt att \u00e4ven b\u00e4ra p\u00e5 axeln.<\/p>\n","protected":false},"featured_media":77108,"template":"","meta":{"_acf_changed":false,"_seopress_robots_primary_cat":"","_seopress_titles_title":"","_seopress_titles_desc":"","_seopress_robots_index":""},"product_brand":[],"product_cat":[15],"product_tag":[],"class_list":{"0":"post-77107","1":"product","2":"type-product","3":"status-publish","4":"has-post-thumbnail","6":"product_cat-okategoriserad","7":"atta45_taxonomy-tema-inspiration-ogonblick-fargglad-lycka-sv","8":"atta45_taxonomy-kassar-pasar-kassar-sv","9":"atta45_taxonomy-tema-inspiration-speciella-trycktekniker-name-it-sv","10":"atta45_taxonomy-vaskor-resetillbehor-ryggsackar-axelremsvaskor-sv","11":"atta45_taxonomy-tema-inspiration-utvalda-produkter-snabbleverans-sv","12":"atta45_taxonomy-tema-inspiration-sv","13":"atta45_taxonomy-textil-vaskor-bagar-sv","14":"atta45_taxonomy-vaskor-resetillbehor-sv","16":"first","17":"instock","18":"taxable","19":"shipping-taxable","20":"purchasable","21":"product-type-variable"},"acf":[],"_links":{"self":[{"href":"https:\/\/www.atta45.se\/e-butik\/wp-json\/wp\/v2\/product\/77107","targetHints":{"allow":["GET"]}}],"collection":[{"href":"https:\/\/www.atta45.se\/e-butik\/wp-json\/wp\/v2\/product"}],"about":[{"href":"https:\/\/www.atta45.se\/e-butik\/wp-json\/wp\/v2\/types\/product"}],"wp:featuredmedia":[{"embeddable":true,"href":"https:\/\/www.atta45.se\/e-butik\/wp-json\/wp\/v2\/media\/77108"}],"wp:attachment":[{"href":"https:\/\/www.atta45.se\/e-butik\/wp-json\/wp\/v2\/media?parent=77107"}],"wp:term":[{"taxonomy":"product_brand","embeddable":true,"href":"https:\/\/www.atta45.se\/e-butik\/wp-json\/wp\/v2\/product_brand?post=77107"},{"taxonomy":"product_cat","embeddable":true,"href":"https:\/\/www.atta45.se\/e-butik\/wp-json\/wp\/v2\/product_cat?post=77107"},{"taxonomy":"product_tag","embeddable":true,"href":"https:\/\/www.atta45.se\/e-butik\/wp-json\/wp\/v2\/product_tag?post=77107"}],"curies":[{"name":"wp","href":"https:\/\/api.w.org\/{rel}","templated":true}]}}