{"id":77065,"date":"2024-12-27T02:52:47","date_gmt":"2024-12-27T01:52:47","guid":{"rendered":"https:\/\/www.atta45.se\/e-butik\/?post_type=product&#038;p=77065"},"modified":"2025-10-27T23:29:42","modified_gmt":"2025-10-27T22:29:42","slug":"cotton-bag-terry","status":"publish","type":"product","link":"https:\/\/www.atta45.se\/e-butik\/produkt\/cotton-bag-terry\/","title":{"rendered":"Shoppingkasse i bomull, Terry"},"content":{"rendered":"<p>Bomullskasse med l\u00e5nga f\u00e4rgade handtag. Tillverkad av oblekt och milj\u00f6v\u00e4nligt bomullsmaterial (120 g\/m2).<\/p>\n","protected":false},"excerpt":{"rendered":"<p>Bomullskasse med l\u00e5nga f\u00e4rgade handtag. Tillverkad av oblekt och milj\u00f6v\u00e4nligt bomullsmaterial (120 g\/m2).<\/p>\n","protected":false},"featured_media":77066,"template":"","meta":{"_acf_changed":false,"_seopress_robots_primary_cat":"","_seopress_titles_title":"","_seopress_titles_desc":"","_seopress_robots_index":""},"product_brand":[],"product_cat":[15],"product_tag":[],"class_list":{"0":"post-77065","1":"product","2":"type-product","3":"status-publish","4":"has-post-thumbnail","6":"product_cat-okategoriserad","7":"atta45_taxonomy-kassar-pasar-kassar-sv","8":"atta45_taxonomy-textil-organiskt-sv","9":"atta45_taxonomy-vaskor-resetillbehor-ryggsackar-axelremsvaskor-sv","10":"atta45_taxonomy-textil-vaskor-bagar-sv","11":"atta45_taxonomy-vaskor-resetillbehor-sv","13":"first","14":"instock","15":"taxable","16":"shipping-taxable","17":"purchasable","18":"product-type-variable"},"acf":[],"_links":{"self":[{"href":"https:\/\/www.atta45.se\/e-butik\/wp-json\/wp\/v2\/product\/77065","targetHints":{"allow":["GET"]}}],"collection":[{"href":"https:\/\/www.atta45.se\/e-butik\/wp-json\/wp\/v2\/product"}],"about":[{"href":"https:\/\/www.atta45.se\/e-butik\/wp-json\/wp\/v2\/types\/product"}],"wp:featuredmedia":[{"embeddable":true,"href":"https:\/\/www.atta45.se\/e-butik\/wp-json\/wp\/v2\/media\/77066"}],"wp:attachment":[{"href":"https:\/\/www.atta45.se\/e-butik\/wp-json\/wp\/v2\/media?parent=77065"}],"wp:term":[{"taxonomy":"product_brand","embeddable":true,"href":"https:\/\/www.atta45.se\/e-butik\/wp-json\/wp\/v2\/product_brand?post=77065"},{"taxonomy":"product_cat","embeddable":true,"href":"https:\/\/www.atta45.se\/e-butik\/wp-json\/wp\/v2\/product_cat?post=77065"},{"taxonomy":"product_tag","embeddable":true,"href":"https:\/\/www.atta45.se\/e-butik\/wp-json\/wp\/v2\/product_tag?post=77065"}],"curies":[{"name":"wp","href":"https:\/\/api.w.org\/{rel}","templated":true}]}}