{"id":76857,"date":"2024-12-27T02:49:51","date_gmt":"2024-12-27T01:49:51","guid":{"rendered":"https:\/\/www.atta45.se\/e-butik\/?post_type=product&#038;p=76857"},"modified":"2025-10-27T20:36:50","modified_gmt":"2025-10-27T19:36:50","slug":"ryggsack-i-tarpaulin-250d-med-rulltopp-hermann","status":"publish","type":"product","link":"https:\/\/www.atta45.se\/e-butik\/produkt\/ryggsack-i-tarpaulin-250d-med-rulltopp-hermann\/","title":{"rendered":"Ryggs\u00e4ck i tarpaulin (250D) med rulltopp Hermann"},"content":{"rendered":"<p>Rulltopp-ryggs\u00e4ck i tarpaulin (250D), rymmer  25 liter, med stort fack. Den har justerbara f\u00f6rst\u00e4rkta remmar och f\u00f6rst\u00e4rkt baksida, tillsammans med ett b\u00e4rhandtag p\u00e5 toppen och en st\u00e4ngning med sp\u00e4nne.<\/p>\n","protected":false},"excerpt":{"rendered":"<p>Rulltopp-ryggs\u00e4ck i tarpaulin (250D), rymmer 25 liter, med stort fack. Den har justerbara f\u00f6rst\u00e4rkta remmar och f\u00f6rst\u00e4rkt baksida, tillsammans med ett b\u00e4rhandtag p\u00e5 toppen och en st\u00e4ngning med sp\u00e4nne.<\/p>\n","protected":false},"featured_media":76858,"template":"","meta":{"_acf_changed":false,"_seopress_robots_primary_cat":"","_seopress_titles_title":"","_seopress_titles_desc":"","_seopress_robots_index":""},"product_brand":[],"product_cat":[15],"product_tag":[],"class_list":{"0":"post-76857","1":"product","2":"type-product","3":"status-publish","4":"has-post-thumbnail","6":"product_cat-okategoriserad","7":"atta45_taxonomy-kassar-pasar-kassar-sv","8":"atta45_taxonomy-nyheter-sv","9":"atta45_taxonomy-tema-inspiration-utvalda-produkter-nyheter-sv","10":"atta45_taxonomy-vaskor-resetillbehor-ryggsackar-sv","11":"atta45_taxonomy-vaskor-resetillbehor-ryggsackar-axelremsvaskor-sv","12":"atta45_taxonomy-reflexer-verktyg-sakerhet-vaskor-sv","13":"atta45_taxonomy-textil-vaskor-bagar-sv","14":"atta45_taxonomy-vaskor-resetillbehor-sv","16":"first","17":"instock","18":"taxable","19":"shipping-taxable","20":"purchasable","21":"product-type-variable"},"acf":[],"_links":{"self":[{"href":"https:\/\/www.atta45.se\/e-butik\/wp-json\/wp\/v2\/product\/76857","targetHints":{"allow":["GET"]}}],"collection":[{"href":"https:\/\/www.atta45.se\/e-butik\/wp-json\/wp\/v2\/product"}],"about":[{"href":"https:\/\/www.atta45.se\/e-butik\/wp-json\/wp\/v2\/types\/product"}],"wp:featuredmedia":[{"embeddable":true,"href":"https:\/\/www.atta45.se\/e-butik\/wp-json\/wp\/v2\/media\/76858"}],"wp:attachment":[{"href":"https:\/\/www.atta45.se\/e-butik\/wp-json\/wp\/v2\/media?parent=76857"}],"wp:term":[{"taxonomy":"product_brand","embeddable":true,"href":"https:\/\/www.atta45.se\/e-butik\/wp-json\/wp\/v2\/product_brand?post=76857"},{"taxonomy":"product_cat","embeddable":true,"href":"https:\/\/www.atta45.se\/e-butik\/wp-json\/wp\/v2\/product_cat?post=76857"},{"taxonomy":"product_tag","embeddable":true,"href":"https:\/\/www.atta45.se\/e-butik\/wp-json\/wp\/v2\/product_tag?post=76857"}],"curies":[{"name":"wp","href":"https:\/\/api.w.org\/{rel}","templated":true}]}}