{"id":76789,"date":"2024-12-27T02:48:39","date_gmt":"2024-12-27T01:48:39","guid":{"rendered":"https:\/\/www.atta45.se\/e-butik\/?post_type=product&#038;p=76789"},"modified":"2025-10-27T20:03:02","modified_gmt":"2025-10-27T19:03:02","slug":"reseneccessar-i-rpet-300d-calix","status":"publish","type":"product","link":"https:\/\/www.atta45.se\/e-butik\/produkt\/reseneccessar-i-rpet-300d-calix\/","title":{"rendered":"Reseneccess\u00e4r i rPET (300D) Calix"},"content":{"rendered":"<p>Reseneccess\u00e4r i rPET 300D. Ett fack med flera fickor f\u00f6r kablar och resedokument. Med kardborrekn\u00e4ppning f\u00f6r framfickan. Inklusive rPET-etikett.<\/p>\n","protected":false},"excerpt":{"rendered":"<p>Reseneccess\u00e4r i rPET 300D. Ett fack med flera fickor f\u00f6r kablar och resedokument. Med kardborrekn\u00e4ppning f\u00f6r framfickan. Inklusive rPET-etikett.<\/p>\n","protected":false},"featured_media":76790,"template":"","meta":{"_acf_changed":false,"_seopress_robots_primary_cat":"","_seopress_titles_title":"","_seopress_titles_desc":"","_seopress_robots_index":""},"product_brand":[],"product_cat":[15],"product_tag":[],"class_list":{"0":"post-76789","1":"product","2":"type-product","3":"status-publish","4":"has-post-thumbnail","6":"product_cat-okategoriserad","7":"atta45_taxonomy-tema-inspiration-grona-intryck-eko-vaskor-sv","8":"atta45_taxonomy-tema-inspiration-grona-intryck-sv","9":"atta45_taxonomy-textil-halsovard-och-valbefinnande-sv","10":"atta45_taxonomy-textil-hem-interior-sv","11":"atta45_taxonomy-kassar-pasar-kassar-sv","12":"atta45_taxonomy-nyheter-sv","13":"atta45_taxonomy-tema-inspiration-utvalda-produkter-nyheter-sv","14":"atta45_taxonomy-textil-organiskt-sv","15":"atta45_taxonomy-tema-inspiration-ogonblick-pa-vagen-sv","16":"atta45_taxonomy-vaskor-resetillbehor-researtiklar-sv","17":"atta45_taxonomy-vaskor-resetillbehor-sminkvaska-sv","18":"atta45_taxonomy-tema-inspiration-sv","19":"atta45_taxonomy-vaskor-resetillbehor-sv","21":"first","22":"instock","23":"taxable","24":"shipping-taxable","25":"purchasable","26":"product-type-variable"},"acf":[],"_links":{"self":[{"href":"https:\/\/www.atta45.se\/e-butik\/wp-json\/wp\/v2\/product\/76789","targetHints":{"allow":["GET"]}}],"collection":[{"href":"https:\/\/www.atta45.se\/e-butik\/wp-json\/wp\/v2\/product"}],"about":[{"href":"https:\/\/www.atta45.se\/e-butik\/wp-json\/wp\/v2\/types\/product"}],"wp:featuredmedia":[{"embeddable":true,"href":"https:\/\/www.atta45.se\/e-butik\/wp-json\/wp\/v2\/media\/76790"}],"wp:attachment":[{"href":"https:\/\/www.atta45.se\/e-butik\/wp-json\/wp\/v2\/media?parent=76789"}],"wp:term":[{"taxonomy":"product_brand","embeddable":true,"href":"https:\/\/www.atta45.se\/e-butik\/wp-json\/wp\/v2\/product_brand?post=76789"},{"taxonomy":"product_cat","embeddable":true,"href":"https:\/\/www.atta45.se\/e-butik\/wp-json\/wp\/v2\/product_cat?post=76789"},{"taxonomy":"product_tag","embeddable":true,"href":"https:\/\/www.atta45.se\/e-butik\/wp-json\/wp\/v2\/product_tag?post=76789"}],"curies":[{"name":"wp","href":"https:\/\/api.w.org\/{rel}","templated":true}]}}