{"id":76751,"date":"2024-12-27T02:48:02","date_gmt":"2024-12-27T01:48:02","guid":{"rendered":"https:\/\/www.atta45.se\/e-butik\/?post_type=product&#038;p=76751"},"modified":"2025-10-27T19:58:43","modified_gmt":"2025-10-27T18:58:43","slug":"gympapase-i-atervunnet-bomull-joy","status":"publish","type":"product","link":"https:\/\/www.atta45.se\/e-butik\/produkt\/gympapase-i-atervunnet-bomull-joy\/","title":{"rendered":"Gympap\u00e5se i \u00e5tervunnet bomull Joy"},"content":{"rendered":"<p>Gymbabag i solid f\u00e4rg och \u00e5tervunnet bomull. Sn\u00f6ren och f\u00f6rst\u00e4rkta h\u00f6rn. Tillverkad av 100 % \u00e5tervunnen bomull.<\/p>\n","protected":false},"excerpt":{"rendered":"<p>Gymbabag i solid f\u00e4rg och \u00e5tervunnet bomull. Sn\u00f6ren och f\u00f6rst\u00e4rkta h\u00f6rn. Tillverkad av 100 % \u00e5tervunnen bomull.<\/p>\n","protected":false},"featured_media":76752,"template":"","meta":{"_acf_changed":false,"_seopress_robots_primary_cat":"","_seopress_titles_title":"","_seopress_titles_desc":"","_seopress_robots_index":""},"product_brand":[],"product_cat":[15],"product_tag":[],"class_list":{"0":"post-76751","1":"product","2":"type-product","3":"status-publish","4":"has-post-thumbnail","6":"product_cat-okategoriserad","7":"atta45_taxonomy-tema-inspiration-grona-intryck-sv","8":"atta45_taxonomy-kassar-pasar-kassar-sv","9":"atta45_taxonomy-tema-inspiration-grona-intryck-kork-sv","10":"atta45_taxonomy-tema-inspiration-utvalda-produkter-nyheter-sv","11":"atta45_taxonomy-nyheter-sv","12":"atta45_taxonomy-tema-inspiration-ogonblick-skoldags-sv","13":"atta45_taxonomy-tema-inspiration-sv","14":"atta45_taxonomy-tema-inspiration-branscher-utbildning-sv","15":"atta45_taxonomy-textil-vaskor-bagar-sv","16":"atta45_taxonomy-vaskor-resetillbehor-sv","18":"first","19":"instock","20":"taxable","21":"shipping-taxable","22":"purchasable","23":"product-type-variable"},"acf":[],"_links":{"self":[{"href":"https:\/\/www.atta45.se\/e-butik\/wp-json\/wp\/v2\/product\/76751","targetHints":{"allow":["GET"]}}],"collection":[{"href":"https:\/\/www.atta45.se\/e-butik\/wp-json\/wp\/v2\/product"}],"about":[{"href":"https:\/\/www.atta45.se\/e-butik\/wp-json\/wp\/v2\/types\/product"}],"wp:featuredmedia":[{"embeddable":true,"href":"https:\/\/www.atta45.se\/e-butik\/wp-json\/wp\/v2\/media\/76752"}],"wp:attachment":[{"href":"https:\/\/www.atta45.se\/e-butik\/wp-json\/wp\/v2\/media?parent=76751"}],"wp:term":[{"taxonomy":"product_brand","embeddable":true,"href":"https:\/\/www.atta45.se\/e-butik\/wp-json\/wp\/v2\/product_brand?post=76751"},{"taxonomy":"product_cat","embeddable":true,"href":"https:\/\/www.atta45.se\/e-butik\/wp-json\/wp\/v2\/product_cat?post=76751"},{"taxonomy":"product_tag","embeddable":true,"href":"https:\/\/www.atta45.se\/e-butik\/wp-json\/wp\/v2\/product_tag?post=76751"}],"curies":[{"name":"wp","href":"https:\/\/api.w.org\/{rel}","templated":true}]}}