{"id":76727,"date":"2024-12-27T02:47:45","date_gmt":"2024-12-27T01:47:45","guid":{"rendered":"https:\/\/www.atta45.se\/e-butik\/?post_type=product&#038;p=76727"},"modified":"2025-10-27T19:58:30","modified_gmt":"2025-10-27T18:58:30","slug":"shoppingkasse-i-atervunnet-bomull-120-gsm-elara","status":"publish","type":"product","link":"https:\/\/www.atta45.se\/e-butik\/produkt\/shoppingkasse-i-atervunnet-bomull-120-gsm-elara\/","title":{"rendered":"Shoppingkasse i \u00e5tervunnet bomull (120 gsm) Elara"},"content":{"rendered":"<p>Shoppingbag i \u00e5tervunnet bomull (120 gsm). Tillverkad fr\u00e5n 100 % \u00e5tervunnen bomull.<\/p>\n","protected":false},"excerpt":{"rendered":"<p>Shoppingbag i \u00e5tervunnet bomull (120 gsm). Tillverkad fr\u00e5n 100 % \u00e5tervunnen bomull.<\/p>\n","protected":false},"featured_media":76728,"template":"","meta":{"_acf_changed":false,"_seopress_robots_primary_cat":"","_seopress_titles_title":"","_seopress_titles_desc":"","_seopress_robots_index":""},"product_brand":[],"product_cat":[15],"product_tag":[],"class_list":{"0":"post-76727","1":"product","2":"type-product","3":"status-publish","4":"has-post-thumbnail","6":"product_cat-okategoriserad","7":"atta45_taxonomy-tema-inspiration-branscher-sv","8":"atta45_taxonomy-tema-inspiration-grona-intryck-eko-vaskor-sv","9":"atta45_taxonomy-tema-inspiration-grona-intryck-sv","10":"atta45_taxonomy-kassar-pasar-kassar-sv","11":"atta45_taxonomy-tema-inspiration-grona-intryck-kork-sv","12":"atta45_taxonomy-nyheter-sv","13":"atta45_taxonomy-tema-inspiration-utvalda-produkter-nyheter-sv","14":"atta45_taxonomy-tema-inspiration-ogonblick-sv","15":"atta45_taxonomy-textil-organiskt-sv","16":"atta45_taxonomy-tema-inspiration-ogonblick-pa-vagen-sv","17":"atta45_taxonomy-tema-inspiration-sv","18":"atta45_taxonomy-textil-vaskor-bagar-sv","19":"atta45_taxonomy-vaskor-resetillbehor-sv","21":"first","22":"instock","23":"taxable","24":"shipping-taxable","25":"purchasable","26":"product-type-variable"},"acf":[],"_links":{"self":[{"href":"https:\/\/www.atta45.se\/e-butik\/wp-json\/wp\/v2\/product\/76727","targetHints":{"allow":["GET"]}}],"collection":[{"href":"https:\/\/www.atta45.se\/e-butik\/wp-json\/wp\/v2\/product"}],"about":[{"href":"https:\/\/www.atta45.se\/e-butik\/wp-json\/wp\/v2\/types\/product"}],"wp:featuredmedia":[{"embeddable":true,"href":"https:\/\/www.atta45.se\/e-butik\/wp-json\/wp\/v2\/media\/76728"}],"wp:attachment":[{"href":"https:\/\/www.atta45.se\/e-butik\/wp-json\/wp\/v2\/media?parent=76727"}],"wp:term":[{"taxonomy":"product_brand","embeddable":true,"href":"https:\/\/www.atta45.se\/e-butik\/wp-json\/wp\/v2\/product_brand?post=76727"},{"taxonomy":"product_cat","embeddable":true,"href":"https:\/\/www.atta45.se\/e-butik\/wp-json\/wp\/v2\/product_cat?post=76727"},{"taxonomy":"product_tag","embeddable":true,"href":"https:\/\/www.atta45.se\/e-butik\/wp-json\/wp\/v2\/product_tag?post=76727"}],"curies":[{"name":"wp","href":"https:\/\/api.w.org\/{rel}","templated":true}]}}