{"id":76709,"date":"2024-12-27T02:47:28","date_gmt":"2024-12-27T01:47:28","guid":{"rendered":"https:\/\/www.atta45.se\/e-butik\/?post_type=product&#038;p=76709"},"modified":"2025-10-27T19:56:06","modified_gmt":"2025-10-27T18:56:06","slug":"antistold-ryggsack-for-laptop-av-rpet-polyester-300d-callio","status":"publish","type":"product","link":"https:\/\/www.atta45.se\/e-butik\/produkt\/antistold-ryggsack-for-laptop-av-rpet-polyester-300d-callio\/","title":{"rendered":"Antist\u00f6ld-ryggs\u00e4ck f\u00f6r laptop av RPET-polyester (300D) Callio"},"content":{"rendered":"<p>Antist\u00f6ld-ryggs\u00e4ck f\u00f6r laptop av RPET-polyester (300D) f\u00f6r 15-tums laptop. Vadderad baksida. Tv\u00e5 fack inuti.<\/p>\n","protected":false},"excerpt":{"rendered":"<p>Antist\u00f6ld-ryggs\u00e4ck f\u00f6r laptop av RPET-polyester (300D) f\u00f6r 15-tums laptop. Vadderad baksida. Tv\u00e5 fack inuti.<\/p>\n","protected":false},"featured_media":76710,"template":"","meta":{"_acf_changed":false,"_seopress_robots_primary_cat":"","_seopress_titles_title":"","_seopress_titles_desc":"","_seopress_robots_index":""},"product_brand":[],"product_cat":[15],"product_tag":[],"class_list":{"0":"post-76709","1":"product","2":"type-product","3":"status-publish","4":"has-post-thumbnail","6":"product_cat-okategoriserad","7":"atta45_taxonomy-tema-inspiration-grona-intryck-eko-vaskor-sv","8":"atta45_taxonomy-tema-inspiration-grona-intryck-sv","9":"atta45_taxonomy-kassar-pasar-kassar-sv","10":"atta45_taxonomy-tema-inspiration-utvalda-produkter-nyheter-sv","11":"atta45_taxonomy-nyheter-sv","12":"atta45_taxonomy-textil-organiskt-sv","13":"atta45_taxonomy-tema-inspiration-ogonblick-pa-vagen-sv","14":"atta45_taxonomy-vaskor-resetillbehor-ryggsackar-sv","15":"atta45_taxonomy-vaskor-resetillbehor-ryggsackar-axelremsvaskor-sv","16":"atta45_taxonomy-tema-inspiration-ogonblick-skoldags-sv","17":"atta45_taxonomy-tema-inspiration-sv","18":"atta45_taxonomy-textil-vaskor-bagar-sv","19":"atta45_taxonomy-vaskor-resetillbehor-sv","21":"first","22":"instock","23":"taxable","24":"shipping-taxable","25":"purchasable","26":"product-type-variable"},"acf":[],"_links":{"self":[{"href":"https:\/\/www.atta45.se\/e-butik\/wp-json\/wp\/v2\/product\/76709","targetHints":{"allow":["GET"]}}],"collection":[{"href":"https:\/\/www.atta45.se\/e-butik\/wp-json\/wp\/v2\/product"}],"about":[{"href":"https:\/\/www.atta45.se\/e-butik\/wp-json\/wp\/v2\/types\/product"}],"wp:featuredmedia":[{"embeddable":true,"href":"https:\/\/www.atta45.se\/e-butik\/wp-json\/wp\/v2\/media\/76710"}],"wp:attachment":[{"href":"https:\/\/www.atta45.se\/e-butik\/wp-json\/wp\/v2\/media?parent=76709"}],"wp:term":[{"taxonomy":"product_brand","embeddable":true,"href":"https:\/\/www.atta45.se\/e-butik\/wp-json\/wp\/v2\/product_brand?post=76709"},{"taxonomy":"product_cat","embeddable":true,"href":"https:\/\/www.atta45.se\/e-butik\/wp-json\/wp\/v2\/product_cat?post=76709"},{"taxonomy":"product_tag","embeddable":true,"href":"https:\/\/www.atta45.se\/e-butik\/wp-json\/wp\/v2\/product_tag?post=76709"}],"curies":[{"name":"wp","href":"https:\/\/api.w.org\/{rel}","templated":true}]}}