{"id":76687,"date":"2024-12-27T02:47:09","date_gmt":"2024-12-27T01:47:09","guid":{"rendered":"https:\/\/www.atta45.se\/e-butik\/?post_type=product&#038;p=76687"},"modified":"2025-10-27T19:54:29","modified_gmt":"2025-10-27T18:54:29","slug":"ryggsack-av-rpet-polyester-600d-olive","status":"publish","type":"product","link":"https:\/\/www.atta45.se\/e-butik\/produkt\/ryggsack-av-rpet-polyester-600d-olive\/","title":{"rendered":"Ryggs\u00e4ck av RPET-polyester (600D) Olive"},"content":{"rendered":"<p>Ryggs\u00e4ck av RPET-polyester (600D). Ett fack. En dragkedjef\u00f6rsedd ficka framtill. F\u00e4rgdetalj l\u00e4ngst upp, svart l\u00e4ngst ner. Handtag p\u00e5 toppen.<\/p>\n","protected":false},"excerpt":{"rendered":"<p>Ryggs\u00e4ck av RPET-polyester (600D). Ett fack. En dragkedjef\u00f6rsedd ficka framtill. F\u00e4rgdetalj l\u00e4ngst upp, svart l\u00e4ngst ner. Handtag p\u00e5 toppen.<\/p>\n","protected":false},"featured_media":76688,"template":"","meta":{"_acf_changed":false,"_seopress_robots_primary_cat":"","_seopress_titles_title":"","_seopress_titles_desc":"","_seopress_robots_index":""},"product_brand":[],"product_cat":[15],"product_tag":[],"class_list":{"0":"post-76687","1":"product","2":"type-product","3":"status-publish","4":"has-post-thumbnail","6":"product_cat-okategoriserad","7":"atta45_taxonomy-tema-inspiration-grona-intryck-eko-vaskor-sv","8":"atta45_taxonomy-tema-inspiration-grona-intryck-sv","9":"atta45_taxonomy-kassar-pasar-kassar-sv","10":"atta45_taxonomy-tema-inspiration-utvalda-produkter-nyheter-sv","11":"atta45_taxonomy-nyheter-sv","12":"atta45_taxonomy-textil-organiskt-sv","13":"atta45_taxonomy-tema-inspiration-ogonblick-pa-vagen-sv","14":"atta45_taxonomy-vaskor-resetillbehor-ryggsackar-sv","15":"atta45_taxonomy-vaskor-resetillbehor-ryggsackar-axelremsvaskor-sv","16":"atta45_taxonomy-tema-inspiration-sv","17":"atta45_taxonomy-textil-vaskor-bagar-sv","18":"atta45_taxonomy-vaskor-resetillbehor-sv","20":"first","21":"instock","22":"taxable","23":"shipping-taxable","24":"purchasable","25":"product-type-variable"},"acf":[],"_links":{"self":[{"href":"https:\/\/www.atta45.se\/e-butik\/wp-json\/wp\/v2\/product\/76687","targetHints":{"allow":["GET"]}}],"collection":[{"href":"https:\/\/www.atta45.se\/e-butik\/wp-json\/wp\/v2\/product"}],"about":[{"href":"https:\/\/www.atta45.se\/e-butik\/wp-json\/wp\/v2\/types\/product"}],"wp:featuredmedia":[{"embeddable":true,"href":"https:\/\/www.atta45.se\/e-butik\/wp-json\/wp\/v2\/media\/76688"}],"wp:attachment":[{"href":"https:\/\/www.atta45.se\/e-butik\/wp-json\/wp\/v2\/media?parent=76687"}],"wp:term":[{"taxonomy":"product_brand","embeddable":true,"href":"https:\/\/www.atta45.se\/e-butik\/wp-json\/wp\/v2\/product_brand?post=76687"},{"taxonomy":"product_cat","embeddable":true,"href":"https:\/\/www.atta45.se\/e-butik\/wp-json\/wp\/v2\/product_cat?post=76687"},{"taxonomy":"product_tag","embeddable":true,"href":"https:\/\/www.atta45.se\/e-butik\/wp-json\/wp\/v2\/product_tag?post=76687"}],"curies":[{"name":"wp","href":"https:\/\/api.w.org\/{rel}","templated":true}]}}