{"id":76673,"date":"2024-12-27T02:46:56","date_gmt":"2024-12-27T01:46:56","guid":{"rendered":"https:\/\/www.atta45.se\/e-butik\/?post_type=product&#038;p=76673"},"modified":"2025-10-27T19:54:05","modified_gmt":"2025-10-27T18:54:05","slug":"rulltoppsryggsack-av-rpet-polyester-600d-evie","status":"publish","type":"product","link":"https:\/\/www.atta45.se\/e-butik\/produkt\/rulltoppsryggsack-av-rpet-polyester-600d-evie\/","title":{"rendered":"Rulltoppsryggs\u00e4ck av RPET-polyester (600D) Evie"},"content":{"rendered":"<p>Rulltoppsryggs\u00e4ck av RPET-polyester (600D). Tv\u00e5 dragkedjefickor p\u00e5 sidorna. Ett stort fack. Kardborrest\u00e4ngning och sp\u00e4nnest\u00e4ngning.<\/p>\n","protected":false},"excerpt":{"rendered":"<p>Rulltoppsryggs\u00e4ck av RPET-polyester (600D). Tv\u00e5 dragkedjefickor p\u00e5 sidorna. Ett stort fack. Kardborrest\u00e4ngning och sp\u00e4nnest\u00e4ngning.<\/p>\n","protected":false},"featured_media":76674,"template":"","meta":{"_acf_changed":false,"_seopress_robots_primary_cat":"","_seopress_titles_title":"","_seopress_titles_desc":"","_seopress_robots_index":""},"product_brand":[],"product_cat":[15],"product_tag":[],"class_list":{"0":"post-76673","1":"product","2":"type-product","3":"status-publish","4":"has-post-thumbnail","6":"product_cat-okategoriserad","7":"atta45_taxonomy-tema-inspiration-grona-intryck-eko-vaskor-sv","8":"atta45_taxonomy-tema-inspiration-grona-intryck-sv","9":"atta45_taxonomy-kassar-pasar-kassar-sv","10":"atta45_taxonomy-tema-inspiration-ogonblick-kontorsliv-sv","11":"atta45_taxonomy-tema-inspiration-utvalda-produkter-nyheter-sv","12":"atta45_taxonomy-nyheter-sv","13":"atta45_taxonomy-textil-organiskt-sv","14":"atta45_taxonomy-tema-inspiration-ogonblick-pa-vagen-sv","15":"atta45_taxonomy-vaskor-resetillbehor-ryggsackar-sv","16":"atta45_taxonomy-vaskor-resetillbehor-ryggsackar-axelremsvaskor-sv","17":"atta45_taxonomy-tema-inspiration-sv","18":"atta45_taxonomy-textil-vaskor-bagar-sv","19":"atta45_taxonomy-vaskor-resetillbehor-sv","21":"first","22":"instock","23":"taxable","24":"shipping-taxable","25":"purchasable","26":"product-type-variable"},"acf":[],"_links":{"self":[{"href":"https:\/\/www.atta45.se\/e-butik\/wp-json\/wp\/v2\/product\/76673","targetHints":{"allow":["GET"]}}],"collection":[{"href":"https:\/\/www.atta45.se\/e-butik\/wp-json\/wp\/v2\/product"}],"about":[{"href":"https:\/\/www.atta45.se\/e-butik\/wp-json\/wp\/v2\/types\/product"}],"wp:featuredmedia":[{"embeddable":true,"href":"https:\/\/www.atta45.se\/e-butik\/wp-json\/wp\/v2\/media\/76674"}],"wp:attachment":[{"href":"https:\/\/www.atta45.se\/e-butik\/wp-json\/wp\/v2\/media?parent=76673"}],"wp:term":[{"taxonomy":"product_brand","embeddable":true,"href":"https:\/\/www.atta45.se\/e-butik\/wp-json\/wp\/v2\/product_brand?post=76673"},{"taxonomy":"product_cat","embeddable":true,"href":"https:\/\/www.atta45.se\/e-butik\/wp-json\/wp\/v2\/product_cat?post=76673"},{"taxonomy":"product_tag","embeddable":true,"href":"https:\/\/www.atta45.se\/e-butik\/wp-json\/wp\/v2\/product_tag?post=76673"}],"curies":[{"name":"wp","href":"https:\/\/api.w.org\/{rel}","templated":true}]}}