{"id":76623,"date":"2024-12-27T02:46:15","date_gmt":"2024-12-27T01:46:15","guid":{"rendered":"https:\/\/www.atta45.se\/e-butik\/?post_type=product&#038;p=76623"},"modified":"2025-10-27T19:50:40","modified_gmt":"2025-10-27T18:50:40","slug":"dragsko-vaska-av-rpet-polyester-600d-ansel","status":"publish","type":"product","link":"https:\/\/www.atta45.se\/e-butik\/produkt\/dragsko-vaska-av-rpet-polyester-600d-ansel\/","title":{"rendered":"Dragsko-v\u00e4ska av RPET-polyester (600D) Ansel"},"content":{"rendered":"<p>Dragsko-v\u00e4ska av RPET-polyester (600D) med botten av kork och naturf\u00e4rg. Liten ficka p\u00e5 framsidan. Med RPET-etikett.<\/p>\n","protected":false},"excerpt":{"rendered":"<p>Dragsko-v\u00e4ska av RPET-polyester (600D) med botten av kork och naturf\u00e4rg. Liten ficka p\u00e5 framsidan. Med RPET-etikett.<\/p>\n","protected":false},"featured_media":76624,"template":"","meta":{"_acf_changed":false,"_seopress_robots_primary_cat":"","_seopress_titles_title":"","_seopress_titles_desc":"","_seopress_robots_index":""},"product_brand":[],"product_cat":[15],"product_tag":[],"class_list":{"0":"post-76623","1":"product","2":"type-product","3":"status-publish","4":"has-post-thumbnail","6":"product_cat-okategoriserad","7":"atta45_taxonomy-tema-inspiration-grona-intryck-eko-vaskor-sv","8":"atta45_taxonomy-tema-inspiration-grona-intryck-sv","9":"atta45_taxonomy-kassar-pasar-kassar-sv","10":"atta45_taxonomy-tema-inspiration-grona-intryck-kork-sv","11":"atta45_taxonomy-tema-inspiration-utvalda-produkter-nyheter-sv","12":"atta45_taxonomy-nyheter-sv","13":"atta45_taxonomy-textil-organiskt-sv","14":"atta45_taxonomy-vaskor-resetillbehor-ryggsackar-sv","15":"atta45_taxonomy-vaskor-resetillbehor-sport-resvaskor-sv","16":"atta45_taxonomy-reflexer-verktyg-sakerhet-vaskor-sv","17":"atta45_taxonomy-textil-vaskor-bagar-sv","18":"atta45_taxonomy-vaskor-resetillbehor-sv","20":"first","21":"instock","22":"taxable","23":"shipping-taxable","24":"purchasable","25":"product-type-variable"},"acf":[],"_links":{"self":[{"href":"https:\/\/www.atta45.se\/e-butik\/wp-json\/wp\/v2\/product\/76623","targetHints":{"allow":["GET"]}}],"collection":[{"href":"https:\/\/www.atta45.se\/e-butik\/wp-json\/wp\/v2\/product"}],"about":[{"href":"https:\/\/www.atta45.se\/e-butik\/wp-json\/wp\/v2\/types\/product"}],"wp:featuredmedia":[{"embeddable":true,"href":"https:\/\/www.atta45.se\/e-butik\/wp-json\/wp\/v2\/media\/76624"}],"wp:attachment":[{"href":"https:\/\/www.atta45.se\/e-butik\/wp-json\/wp\/v2\/media?parent=76623"}],"wp:term":[{"taxonomy":"product_brand","embeddable":true,"href":"https:\/\/www.atta45.se\/e-butik\/wp-json\/wp\/v2\/product_brand?post=76623"},{"taxonomy":"product_cat","embeddable":true,"href":"https:\/\/www.atta45.se\/e-butik\/wp-json\/wp\/v2\/product_cat?post=76623"},{"taxonomy":"product_tag","embeddable":true,"href":"https:\/\/www.atta45.se\/e-butik\/wp-json\/wp\/v2\/product_tag?post=76623"}],"curies":[{"name":"wp","href":"https:\/\/api.w.org\/{rel}","templated":true}]}}