{"id":76445,"date":"2024-12-27T02:42:52","date_gmt":"2024-12-27T01:42:52","guid":{"rendered":"https:\/\/www.atta45.se\/e-butik\/?post_type=product&#038;p=76445"},"modified":"2025-10-27T22:11:31","modified_gmt":"2025-10-27T21:11:31","slug":"atta-traditionella-hollandska-waffels-2","status":"publish","type":"product","link":"https:\/\/www.atta45.se\/e-butik\/produkt\/atta-traditionella-hollandska-waffels-2\/","title":{"rendered":"\u00c5tta traditionella holl\u00e4ndska waffels"},"content":{"rendered":"<p>\u00c5tta traditionella holl\u00e4ndska waffels; dubbla kakor med karamellfyllning i mitten, packade i plastp\u00e5se. Genom att l\u00e4gga kakan p\u00e5 en kopp med varm dryck, sm\u00e4lter fyllningen och kakan blir extra delikat och god.<\/p>\n","protected":false},"excerpt":{"rendered":"<p>\u00c5tta traditionella holl\u00e4ndska waffels; dubbla kakor med karamellfyllning i mitten, packade i plastp\u00e5se. Genom att l\u00e4gga kakan p\u00e5 en kopp med varm dryck, sm\u00e4lter fyllningen och kakan blir extra delikat och god.<\/p>\n","protected":false},"featured_media":76446,"template":"","meta":{"_acf_changed":false,"_seopress_robots_primary_cat":"","_seopress_titles_title":"","_seopress_titles_desc":"","_seopress_robots_index":""},"product_brand":[],"product_cat":[15],"product_tag":[],"class_list":{"0":"post-76445","1":"product","2":"type-product","3":"status-publish","4":"has-post-thumbnail","6":"product_cat-okategoriserad","7":"atta45_taxonomy-tema-inspiration-made-in-europe-andra-produkter-tillverkade-i-eu-sv","8":"atta45_taxonomy-tema-inspiration-ogonblick-arsslut-sv","9":"atta45_taxonomy-tema-inspiration-branscher-sv","10":"atta45_taxonomy-tema-inspiration-made-in-europe-holland-sv","11":"atta45_taxonomy-tema-inspiration-ogonblick-kontorsliv-sv","12":"atta45_taxonomy-tema-inspiration-branscher-sjukvard-sv","13":"atta45_taxonomy-tema-inspiration-utvalda-produkter-snabbleverans-sv","14":"atta45_taxonomy-tema-inspiration-sv","15":"atta45_taxonomy-hem-hushall-waffel-sv","17":"first","18":"instock","19":"taxable","20":"shipping-taxable","21":"purchasable","22":"product-type-variable"},"acf":[],"_links":{"self":[{"href":"https:\/\/www.atta45.se\/e-butik\/wp-json\/wp\/v2\/product\/76445","targetHints":{"allow":["GET"]}}],"collection":[{"href":"https:\/\/www.atta45.se\/e-butik\/wp-json\/wp\/v2\/product"}],"about":[{"href":"https:\/\/www.atta45.se\/e-butik\/wp-json\/wp\/v2\/types\/product"}],"wp:featuredmedia":[{"embeddable":true,"href":"https:\/\/www.atta45.se\/e-butik\/wp-json\/wp\/v2\/media\/76446"}],"wp:attachment":[{"href":"https:\/\/www.atta45.se\/e-butik\/wp-json\/wp\/v2\/media?parent=76445"}],"wp:term":[{"taxonomy":"product_brand","embeddable":true,"href":"https:\/\/www.atta45.se\/e-butik\/wp-json\/wp\/v2\/product_brand?post=76445"},{"taxonomy":"product_cat","embeddable":true,"href":"https:\/\/www.atta45.se\/e-butik\/wp-json\/wp\/v2\/product_cat?post=76445"},{"taxonomy":"product_tag","embeddable":true,"href":"https:\/\/www.atta45.se\/e-butik\/wp-json\/wp\/v2\/product_tag?post=76445"}],"curies":[{"name":"wp","href":"https:\/\/api.w.org\/{rel}","templated":true}]}}