{"id":76335,"date":"2024-12-27T02:41:04","date_gmt":"2024-12-27T01:41:04","guid":{"rendered":"https:\/\/www.atta45.se\/e-butik\/?post_type=product&#038;p=76335"},"modified":"2025-10-28T00:01:58","modified_gmt":"2025-10-27T23:01:58","slug":"vaderstation-i-bambu","status":"publish","type":"product","link":"https:\/\/www.atta45.se\/e-butik\/produkt\/vaderstation-i-bambu\/","title":{"rendered":"V\u00e4derstation i bambu Piper"},"content":{"rendered":"<p>V\u00e4derstation av bambu och ABS, med vikbart stativ. Funktioner: klocka, \u00e5r, temperatur, luftfuktighet. Batteri ing\u00e5r.<\/p>\n","protected":false},"excerpt":{"rendered":"<p>V\u00e4derstation av bambu och ABS, med vikbart stativ. Funktioner: klocka, \u00e5r, temperatur, luftfuktighet. Batteri ing\u00e5r.<\/p>\n","protected":false},"featured_media":76336,"template":"","meta":{"_acf_changed":false,"_seopress_robots_primary_cat":"","_seopress_titles_title":"","_seopress_titles_desc":"","_seopress_robots_index":""},"product_brand":[],"product_cat":[15],"product_tag":[],"class_list":{"0":"post-76335","1":"product","2":"type-product","3":"status-publish","4":"has-post-thumbnail","6":"product_cat-okategoriserad","7":"atta45_taxonomy-tema-inspiration-ogonblick-arsslut-sv","8":"atta45_taxonomy-tema-inspiration-grona-intryck-bambu-sv","9":"atta45_taxonomy-tema-inspiration-grona-intryck-eco-basic-sv","10":"atta45_taxonomy-elektronik-kontor-sv","11":"atta45_taxonomy-tema-inspiration-grona-intryck-sv","12":"atta45_taxonomy-nyheter-sv","13":"atta45_taxonomy-tema-inspiration-utvalda-produkter-nyheter-sv","14":"atta45_taxonomy-paraply-sv","15":"atta45_taxonomy-tema-inspiration-sv","16":"atta45_taxonomy-elektronik-kontor-vaderstationer-sv","17":"atta45_taxonomy-hem-hushall-vaderstationer-sv","19":"first","20":"instock","21":"taxable","22":"shipping-taxable","23":"purchasable","24":"product-type-variable"},"acf":[],"_links":{"self":[{"href":"https:\/\/www.atta45.se\/e-butik\/wp-json\/wp\/v2\/product\/76335","targetHints":{"allow":["GET"]}}],"collection":[{"href":"https:\/\/www.atta45.se\/e-butik\/wp-json\/wp\/v2\/product"}],"about":[{"href":"https:\/\/www.atta45.se\/e-butik\/wp-json\/wp\/v2\/types\/product"}],"wp:featuredmedia":[{"embeddable":true,"href":"https:\/\/www.atta45.se\/e-butik\/wp-json\/wp\/v2\/media\/76336"}],"wp:attachment":[{"href":"https:\/\/www.atta45.se\/e-butik\/wp-json\/wp\/v2\/media?parent=76335"}],"wp:term":[{"taxonomy":"product_brand","embeddable":true,"href":"https:\/\/www.atta45.se\/e-butik\/wp-json\/wp\/v2\/product_brand?post=76335"},{"taxonomy":"product_cat","embeddable":true,"href":"https:\/\/www.atta45.se\/e-butik\/wp-json\/wp\/v2\/product_cat?post=76335"},{"taxonomy":"product_tag","embeddable":true,"href":"https:\/\/www.atta45.se\/e-butik\/wp-json\/wp\/v2\/product_tag?post=76335"}],"curies":[{"name":"wp","href":"https:\/\/api.w.org\/{rel}","templated":true}]}}