{"id":76283,"date":"2024-12-27T02:40:14","date_gmt":"2024-12-27T01:40:14","guid":{"rendered":"https:\/\/www.atta45.se\/e-butik\/?post_type=product&#038;p=76283"},"modified":"2025-10-27T22:06:16","modified_gmt":"2025-10-27T21:06:16","slug":"digital-vaderstation","status":"publish","type":"product","link":"https:\/\/www.atta45.se\/e-butik\/produkt\/digital-vaderstation\/","title":{"rendered":"Digital v\u00e4derstation"},"content":{"rendered":"<p>Digital v\u00e4derstation med utomhussensor. Visar temperatur, klocka, m\u00e5nfas och v\u00e4derprognos. Huset \u00e4r tillverkat av plast. Batterier medf\u00f6ljer.<\/p>\n","protected":false},"excerpt":{"rendered":"<p>Digital v\u00e4derstation med utomhussensor. Visar temperatur, klocka, m\u00e5nfas och v\u00e4derprognos. Huset \u00e4r tillverkat av plast. Batterier medf\u00f6ljer.<\/p>\n","protected":false},"featured_media":76284,"template":"","meta":{"_acf_changed":false,"_seopress_robots_primary_cat":"","_seopress_titles_title":"","_seopress_titles_desc":"","_seopress_robots_index":""},"product_brand":[],"product_cat":[15],"product_tag":[],"class_list":{"0":"post-76283","1":"product","2":"type-product","3":"status-publish","4":"has-post-thumbnail","6":"product_cat-okategoriserad","7":"atta45_taxonomy-elektronik-kontor-sv","8":"atta45_taxonomy-tema-inspiration-ogonblick-framtiden-ar-din-sv","9":"atta45_taxonomy-paraply-sv","10":"atta45_taxonomy-tema-inspiration-sv","11":"atta45_taxonomy-elektronik-kontor-vaderstationer-sv","12":"atta45_taxonomy-hem-hushall-vaderstationer-sv","14":"first","15":"instock","16":"taxable","17":"shipping-taxable","18":"purchasable","19":"product-type-variable"},"acf":[],"_links":{"self":[{"href":"https:\/\/www.atta45.se\/e-butik\/wp-json\/wp\/v2\/product\/76283","targetHints":{"allow":["GET"]}}],"collection":[{"href":"https:\/\/www.atta45.se\/e-butik\/wp-json\/wp\/v2\/product"}],"about":[{"href":"https:\/\/www.atta45.se\/e-butik\/wp-json\/wp\/v2\/types\/product"}],"wp:featuredmedia":[{"embeddable":true,"href":"https:\/\/www.atta45.se\/e-butik\/wp-json\/wp\/v2\/media\/76284"}],"wp:attachment":[{"href":"https:\/\/www.atta45.se\/e-butik\/wp-json\/wp\/v2\/media?parent=76283"}],"wp:term":[{"taxonomy":"product_brand","embeddable":true,"href":"https:\/\/www.atta45.se\/e-butik\/wp-json\/wp\/v2\/product_brand?post=76283"},{"taxonomy":"product_cat","embeddable":true,"href":"https:\/\/www.atta45.se\/e-butik\/wp-json\/wp\/v2\/product_cat?post=76283"},{"taxonomy":"product_tag","embeddable":true,"href":"https:\/\/www.atta45.se\/e-butik\/wp-json\/wp\/v2\/product_tag?post=76283"}],"curies":[{"name":"wp","href":"https:\/\/api.w.org\/{rel}","templated":true}]}}