{"id":76267,"date":"2024-12-27T02:39:59","date_gmt":"2024-12-27T01:39:59","guid":{"rendered":"https:\/\/www.atta45.se\/e-butik\/?post_type=product&#038;p=76267"},"modified":"2025-10-27T17:05:17","modified_gmt":"2025-10-27T16:05:17","slug":"testhornet-skohorn","status":"publish","type":"product","link":"https:\/\/www.atta45.se\/e-butik\/produkt\/testhornet-skohorn\/","title":{"rendered":"Testhornet (skohorn)"},"content":{"rendered":"<p>Testhornet \u00e4r ett praktiskt skohorn som hj\u00e4lper dig test din brandvarnare, utan att du beh\u00f6ver g\u00e5 upp p\u00e5 en stol.<\/p>\n<p>Prisbel\u00f6nt innovation som f\u00f6renar praktisk funktion med s\u00e4kerhet.<\/p>\n<p>S\u00e4ljs endast med logotryck<\/p>\n","protected":false},"excerpt":{"rendered":"<p>Testhornet \u00e4r ett praktiskt skohorn som hj\u00e4lper dig test din brandvarnare, utan att du beh\u00f6ver g\u00e5 upp p\u00e5 en stol. Prisbel\u00f6nt innovation som f\u00f6renar praktisk funktion med s\u00e4kerhet. S\u00e4ljs endast med logotryck<\/p>\n","protected":false},"featured_media":76268,"template":"","meta":{"_acf_changed":false,"_seopress_robots_primary_cat":"","_seopress_titles_title":"","_seopress_titles_desc":"","_seopress_robots_index":""},"product_brand":[],"product_cat":[15],"product_tag":[],"class_list":{"0":"post-76267","1":"product","2":"type-product","3":"status-publish","4":"has-post-thumbnail","6":"product_cat-okategoriserad","7":"atta45_taxonomy-reflexer-verktyg-sakerhet-brandsakerhet-sv","8":"atta45_taxonomy-hem-hushall-skoputsset-sv","9":"atta45_taxonomy-tema-inspiration-made-in-europe-sverige-sv","10":"atta45_taxonomy-tema-inspiration-varumarken-ycp-sv","12":"first","13":"instock","14":"taxable","15":"shipping-taxable","16":"purchasable","17":"product-type-variable"},"acf":[],"_links":{"self":[{"href":"https:\/\/www.atta45.se\/e-butik\/wp-json\/wp\/v2\/product\/76267","targetHints":{"allow":["GET"]}}],"collection":[{"href":"https:\/\/www.atta45.se\/e-butik\/wp-json\/wp\/v2\/product"}],"about":[{"href":"https:\/\/www.atta45.se\/e-butik\/wp-json\/wp\/v2\/types\/product"}],"wp:featuredmedia":[{"embeddable":true,"href":"https:\/\/www.atta45.se\/e-butik\/wp-json\/wp\/v2\/media\/76268"}],"wp:attachment":[{"href":"https:\/\/www.atta45.se\/e-butik\/wp-json\/wp\/v2\/media?parent=76267"}],"wp:term":[{"taxonomy":"product_brand","embeddable":true,"href":"https:\/\/www.atta45.se\/e-butik\/wp-json\/wp\/v2\/product_brand?post=76267"},{"taxonomy":"product_cat","embeddable":true,"href":"https:\/\/www.atta45.se\/e-butik\/wp-json\/wp\/v2\/product_cat?post=76267"},{"taxonomy":"product_tag","embeddable":true,"href":"https:\/\/www.atta45.se\/e-butik\/wp-json\/wp\/v2\/product_tag?post=76267"}],"curies":[{"name":"wp","href":"https:\/\/api.w.org\/{rel}","templated":true}]}}