{"id":76245,"date":"2024-12-27T02:39:44","date_gmt":"2024-12-27T01:39:44","guid":{"rendered":"https:\/\/www.atta45.se\/e-butik\/?post_type=product&#038;p=76245"},"modified":"2025-10-28T05:27:28","modified_gmt":"2025-10-28T04:27:28","slug":"pappersmugg-bio-dubbelvagg","status":"publish","type":"product","link":"https:\/\/www.atta45.se\/e-butik\/produkt\/pappersmugg-bio-dubbelvagg\/","title":{"rendered":"Pappersmugg BIO (Dubbelv\u00e4gg)"},"content":{"rendered":"<p>Kan bara k\u00f6pas p\u00e5 1000-tal<\/p>\n<p>Biologiskt nedbrytbar enkelv\u00e4ggsmugg gjord av ett dubbelt lager papper limmat ihop \u2013 genomsnittlig v\u00e4rmeisolering.<\/p>\n<p>Mycket snyggt glansigt tryck, levande f\u00e4rger, bildliknande kvalitet. Den mest popul\u00e4ra koppen som anv\u00e4nds f\u00f6r reklam eller marknadsf\u00f6ringskampanjer, ibland \u00e4ven som kaffekopp. De kan fastna i varandra p\u00e5 grund av deras stela v\u00e4ggar. Kunderna uppskattar dess styva v\u00e4ggar och enast\u00e5ende pris-kvalitetsf\u00f6rh\u00e5llande.<\/p>\n<p>Anv\u00e4ndande:<br \/>F\u00f6retag \u2013 kaffe, te, vatten.<br \/>Reklam \u2013 M\u00e4ssa, konferenser, caf\u00e9, hotell, f\u00f6retag<\/p>\n<p>Max drickstemperatur:<br \/>95 ?C<\/p>\n<p>Materiallager:<br \/>Ett lager PE\/PLA\/vattenbaserat bestruket papper.<\/p>\n<p>V\u00e4rmeisolering:<br \/>2 av 3<\/p>\n","protected":false},"excerpt":{"rendered":"<p>Kan bara k\u00f6pas p\u00e5 1000-tal Biologiskt nedbrytbar enkelv\u00e4ggsmugg gjord av ett dubbelt lager papper limmat ihop \u2013 genomsnittlig v\u00e4rmeisolering. Mycket snyggt glansigt tryck, levande f\u00e4rger, bildliknande kvalitet. Den mest popul\u00e4ra koppen som anv\u00e4nds f\u00f6r reklam eller marknadsf\u00f6ringskampanjer, ibland \u00e4ven som kaffekopp. De kan fastna i varandra p\u00e5 grund av deras stela v\u00e4ggar. Kunderna uppskattar dess [&hellip;]<\/p>\n","protected":false},"featured_media":76246,"template":"","meta":{"_acf_changed":false,"_seopress_robots_primary_cat":"","_seopress_titles_title":"","_seopress_titles_desc":"","_seopress_robots_index":""},"product_brand":[],"product_cat":[15],"product_tag":[],"class_list":{"0":"post-76245","1":"product","2":"type-product","3":"status-publish","4":"has-post-thumbnail","6":"product_cat-okategoriserad","7":"atta45_taxonomy-nyheter-sv","8":"atta45_taxonomy-muggar-pappersmuggar-sv","9":"atta45_taxonomy-hem-hushall-pappersmuggar-sv","10":"atta45_taxonomy-tema-inspiration-varumarken-ycp-sv","12":"first","13":"instock","14":"taxable","15":"shipping-taxable","16":"purchasable","17":"product-type-variable"},"acf":[],"_links":{"self":[{"href":"https:\/\/www.atta45.se\/e-butik\/wp-json\/wp\/v2\/product\/76245","targetHints":{"allow":["GET"]}}],"collection":[{"href":"https:\/\/www.atta45.se\/e-butik\/wp-json\/wp\/v2\/product"}],"about":[{"href":"https:\/\/www.atta45.se\/e-butik\/wp-json\/wp\/v2\/types\/product"}],"wp:featuredmedia":[{"embeddable":true,"href":"https:\/\/www.atta45.se\/e-butik\/wp-json\/wp\/v2\/media\/76246"}],"wp:attachment":[{"href":"https:\/\/www.atta45.se\/e-butik\/wp-json\/wp\/v2\/media?parent=76245"}],"wp:term":[{"taxonomy":"product_brand","embeddable":true,"href":"https:\/\/www.atta45.se\/e-butik\/wp-json\/wp\/v2\/product_brand?post=76245"},{"taxonomy":"product_cat","embeddable":true,"href":"https:\/\/www.atta45.se\/e-butik\/wp-json\/wp\/v2\/product_cat?post=76245"},{"taxonomy":"product_tag","embeddable":true,"href":"https:\/\/www.atta45.se\/e-butik\/wp-json\/wp\/v2\/product_tag?post=76245"}],"curies":[{"name":"wp","href":"https:\/\/api.w.org\/{rel}","templated":true}]}}