{"id":76191,"date":"2024-12-27T02:39:02","date_gmt":"2024-12-27T01:39:02","guid":{"rendered":"https:\/\/www.atta45.se\/e-butik\/?post_type=product&#038;p=76191"},"modified":"2025-10-28T03:04:44","modified_gmt":"2025-10-28T02:04:44","slug":"pappersmugg-termisk-vagg","status":"publish","type":"product","link":"https:\/\/www.atta45.se\/e-butik\/produkt\/pappersmugg-termisk-vagg\/","title":{"rendered":"Pappersmugg (Termisk v\u00e4gg)"},"content":{"rendered":"<p>Kan bara k\u00f6pas p\u00e5 1000-tal<\/p>\n<p>Dubbelv\u00e4ggkopp gjord av ett dubbelt lager papper som \u00e4r det b\u00e4sta s\u00e4ttet att isolera v\u00e4rme \u2013 mellan tv\u00e5 pappersark finns det 1,5 mm tjockt luftutrymme.<\/p>\n<p>I botten har den ca 12 mm h\u00f6g vit &#8221;fot&#8221;.<\/p>\n<p>H\u00f6gkvalitativt glansigt tryck, levande f\u00e4rger, bildliknande kvalitet. Typisk kopp f\u00f6r kaffe to go. Dessa koppar v\u00e4rderas f\u00f6r sin h\u00f6ga kvalitet och b\u00e4sta v\u00e4rmeisolering bland dem som uppskattar sina kunders tillfredsst\u00e4llelse mest.<\/p>\n<p>Vi kan erbjuda olika kapaciteter och dimensioner.<\/p>\n<p>Anv\u00e4ndande:<br \/>Caf\u00e9, bageri, bar, hotell, konditorikaffe, te<\/p>\n<p>Max drickstemperatur:<br \/>95 ?C<\/p>\n<p>Materiallager:<br \/>Tv\u00e5 lager PE\/PLA\/vattenbaserat bestruket papper, med luftficka.<\/p>\n<p>V\u00e4rmeisolering:<br \/>3 av 3<\/p>\n","protected":false},"excerpt":{"rendered":"<p>Kan bara k\u00f6pas p\u00e5 1000-tal Dubbelv\u00e4ggkopp gjord av ett dubbelt lager papper som \u00e4r det b\u00e4sta s\u00e4ttet att isolera v\u00e4rme \u2013 mellan tv\u00e5 pappersark finns det 1,5 mm tjockt luftutrymme. I botten har den ca 12 mm h\u00f6g vit &#8221;fot&#8221;. H\u00f6gkvalitativt glansigt tryck, levande f\u00e4rger, bildliknande kvalitet. Typisk kopp f\u00f6r kaffe to go. Dessa koppar [&hellip;]<\/p>\n","protected":false},"featured_media":76192,"template":"","meta":{"_acf_changed":false,"_seopress_robots_primary_cat":"","_seopress_titles_title":"","_seopress_titles_desc":"","_seopress_robots_index":""},"product_brand":[],"product_cat":[15],"product_tag":[],"class_list":{"0":"post-76191","1":"product","2":"type-product","3":"status-publish","4":"has-post-thumbnail","6":"product_cat-okategoriserad","7":"atta45_taxonomy-hem-hushall-pappersmuggar-sv","8":"atta45_taxonomy-muggar-pappersmuggar-sv","9":"atta45_taxonomy-tema-inspiration-varumarken-ycp-sv","11":"first","12":"instock","13":"taxable","14":"shipping-taxable","15":"purchasable","16":"product-type-variable"},"acf":[],"_links":{"self":[{"href":"https:\/\/www.atta45.se\/e-butik\/wp-json\/wp\/v2\/product\/76191","targetHints":{"allow":["GET"]}}],"collection":[{"href":"https:\/\/www.atta45.se\/e-butik\/wp-json\/wp\/v2\/product"}],"about":[{"href":"https:\/\/www.atta45.se\/e-butik\/wp-json\/wp\/v2\/types\/product"}],"wp:featuredmedia":[{"embeddable":true,"href":"https:\/\/www.atta45.se\/e-butik\/wp-json\/wp\/v2\/media\/76192"}],"wp:attachment":[{"href":"https:\/\/www.atta45.se\/e-butik\/wp-json\/wp\/v2\/media?parent=76191"}],"wp:term":[{"taxonomy":"product_brand","embeddable":true,"href":"https:\/\/www.atta45.se\/e-butik\/wp-json\/wp\/v2\/product_brand?post=76191"},{"taxonomy":"product_cat","embeddable":true,"href":"https:\/\/www.atta45.se\/e-butik\/wp-json\/wp\/v2\/product_cat?post=76191"},{"taxonomy":"product_tag","embeddable":true,"href":"https:\/\/www.atta45.se\/e-butik\/wp-json\/wp\/v2\/product_tag?post=76191"}],"curies":[{"name":"wp","href":"https:\/\/api.w.org\/{rel}","templated":true}]}}