{"id":76151,"date":"2024-12-27T02:38:40","date_gmt":"2024-12-27T01:38:40","guid":{"rendered":"https:\/\/www.atta45.se\/e-butik\/?post_type=product&#038;p=76151"},"modified":"2025-10-28T03:04:30","modified_gmt":"2025-10-28T02:04:30","slug":"pappersmugg-dubbelvagg","status":"publish","type":"product","link":"https:\/\/www.atta45.se\/e-butik\/produkt\/pappersmugg-dubbelvagg\/","title":{"rendered":"Pappersmugg (Dubbelv\u00e4gg)"},"content":{"rendered":"<p>Kan endast k\u00f6pas i j\u00e4mna 1000-tal<\/p>\n<p>En enkelv\u00e4gsmugg gjord av dubbelt lager av papper. <\/p>\n<p>Pappersmuggen har genomsnittlig termisk isolering (tv\u00e5 lager papper som \u00e4r ihoplimmade).<\/p>\n<p>Mycket snyggt tryck med levande f\u00e4rger, och bildliknande kvalitet. <\/p>\n<p>Denna mugg anv\u00e4nds v\u00e4ldigt mycket inom promotion och event-branschen. Finns i flera kapaciteter och har formen av en kaffekopp eller glassk\u00e5l.<\/p>\n<p>Anv\u00e4ndande:<br \/>F\u00f6retag \u2013 kaffe, te, vatten.<br \/>Reklam \u2013 M\u00e4ssa, konferenser, caf\u00e9, hotell, f\u00f6retag<\/p>\n<p>Max drickstemperatur:<br \/>95 ?C<\/p>\n<p>Materiallager:<br \/>Ett lager PE\/PLA\/vattenbaserat bestruket papper.<\/p>\n<p>V\u00e4rmeisolering:<br \/>2 av 3<\/p>\n","protected":false},"excerpt":{"rendered":"<p>Kan endast k\u00f6pas i j\u00e4mna 1000-tal En enkelv\u00e4gsmugg gjord av dubbelt lager av papper. Pappersmuggen har genomsnittlig termisk isolering (tv\u00e5 lager papper som \u00e4r ihoplimmade). Mycket snyggt tryck med levande f\u00e4rger, och bildliknande kvalitet. Denna mugg anv\u00e4nds v\u00e4ldigt mycket inom promotion och event-branschen. Finns i flera kapaciteter och har formen av en kaffekopp eller glassk\u00e5l. [&hellip;]<\/p>\n","protected":false},"featured_media":76152,"template":"","meta":{"_acf_changed":false,"_seopress_robots_primary_cat":"","_seopress_titles_title":"","_seopress_titles_desc":"","_seopress_robots_index":""},"product_brand":[],"product_cat":[15],"product_tag":[],"class_list":{"0":"post-76151","1":"product","2":"type-product","3":"status-publish","4":"has-post-thumbnail","6":"product_cat-okategoriserad","7":"atta45_taxonomy-muggar-pappersmuggar-sv","8":"atta45_taxonomy-hem-hushall-pappersmuggar-sv","9":"atta45_taxonomy-tema-inspiration-varumarken-ycp-sv","11":"first","12":"instock","13":"taxable","14":"shipping-taxable","15":"purchasable","16":"product-type-variable"},"acf":[],"_links":{"self":[{"href":"https:\/\/www.atta45.se\/e-butik\/wp-json\/wp\/v2\/product\/76151","targetHints":{"allow":["GET"]}}],"collection":[{"href":"https:\/\/www.atta45.se\/e-butik\/wp-json\/wp\/v2\/product"}],"about":[{"href":"https:\/\/www.atta45.se\/e-butik\/wp-json\/wp\/v2\/types\/product"}],"wp:featuredmedia":[{"embeddable":true,"href":"https:\/\/www.atta45.se\/e-butik\/wp-json\/wp\/v2\/media\/76152"}],"wp:attachment":[{"href":"https:\/\/www.atta45.se\/e-butik\/wp-json\/wp\/v2\/media?parent=76151"}],"wp:term":[{"taxonomy":"product_brand","embeddable":true,"href":"https:\/\/www.atta45.se\/e-butik\/wp-json\/wp\/v2\/product_brand?post=76151"},{"taxonomy":"product_cat","embeddable":true,"href":"https:\/\/www.atta45.se\/e-butik\/wp-json\/wp\/v2\/product_cat?post=76151"},{"taxonomy":"product_tag","embeddable":true,"href":"https:\/\/www.atta45.se\/e-butik\/wp-json\/wp\/v2\/product_tag?post=76151"}],"curies":[{"name":"wp","href":"https:\/\/api.w.org\/{rel}","templated":true}]}}