{"id":76107,"date":"2024-12-27T02:38:07","date_gmt":"2024-12-27T01:38:07","guid":{"rendered":"https:\/\/www.atta45.se\/e-butik\/?post_type=product&#038;p=76107"},"modified":"2025-10-28T03:03:34","modified_gmt":"2025-10-28T02:03:34","slug":"eco-lock-till-pappersmuggar","status":"publish","type":"product","link":"https:\/\/www.atta45.se\/e-butik\/produkt\/eco-lock-till-pappersmuggar\/","title":{"rendered":"Lock ECO till pappersmuggar"},"content":{"rendered":"<p>Kan endast k\u00f6pas i j\u00e4mna 1000-tal<\/p>\n<p>Nedbrytningsbart CPLA lock till v\u00e5ra ECO pappersmuggar.<\/p>\n","protected":false},"excerpt":{"rendered":"<p>Kan endast k\u00f6pas i j\u00e4mna 1000-tal Nedbrytningsbart CPLA lock till v\u00e5ra ECO pappersmuggar.<\/p>\n","protected":false},"featured_media":76108,"template":"","meta":{"_acf_changed":false,"_seopress_robots_primary_cat":"","_seopress_titles_title":"","_seopress_titles_desc":"","_seopress_robots_index":""},"product_brand":[],"product_cat":[15],"product_tag":[],"class_list":{"0":"post-76107","1":"product","2":"type-product","3":"status-publish","4":"has-post-thumbnail","6":"product_cat-okategoriserad","7":"atta45_taxonomy-hem-hushall-pappersmuggar-sv","8":"atta45_taxonomy-muggar-pappersmuggar-sv","9":"atta45_taxonomy-tema-inspiration-varumarken-ycp-sv","11":"first","12":"instock","13":"taxable","14":"shipping-taxable","15":"purchasable","16":"product-type-variable"},"acf":[],"_links":{"self":[{"href":"https:\/\/www.atta45.se\/e-butik\/wp-json\/wp\/v2\/product\/76107","targetHints":{"allow":["GET"]}}],"collection":[{"href":"https:\/\/www.atta45.se\/e-butik\/wp-json\/wp\/v2\/product"}],"about":[{"href":"https:\/\/www.atta45.se\/e-butik\/wp-json\/wp\/v2\/types\/product"}],"wp:featuredmedia":[{"embeddable":true,"href":"https:\/\/www.atta45.se\/e-butik\/wp-json\/wp\/v2\/media\/76108"}],"wp:attachment":[{"href":"https:\/\/www.atta45.se\/e-butik\/wp-json\/wp\/v2\/media?parent=76107"}],"wp:term":[{"taxonomy":"product_brand","embeddable":true,"href":"https:\/\/www.atta45.se\/e-butik\/wp-json\/wp\/v2\/product_brand?post=76107"},{"taxonomy":"product_cat","embeddable":true,"href":"https:\/\/www.atta45.se\/e-butik\/wp-json\/wp\/v2\/product_cat?post=76107"},{"taxonomy":"product_tag","embeddable":true,"href":"https:\/\/www.atta45.se\/e-butik\/wp-json\/wp\/v2\/product_tag?post=76107"}],"curies":[{"name":"wp","href":"https:\/\/api.w.org\/{rel}","templated":true}]}}