{"id":76051,"date":"2024-12-27T02:37:06","date_gmt":"2024-12-27T01:37:06","guid":{"rendered":"https:\/\/www.atta45.se\/e-butik\/?post_type=product&#038;p=76051"},"modified":"2025-10-28T03:02:55","modified_gmt":"2025-10-28T02:02:55","slug":"pappersmugg-bio-enkelvagg","status":"publish","type":"product","link":"https:\/\/www.atta45.se\/e-butik\/produkt\/pappersmugg-bio-enkelvagg\/","title":{"rendered":"Pappersmugg BIO (Enkelv\u00e4gg)"},"content":{"rendered":"<p>Kan bara k\u00f6pas p\u00e5 1000-tal<\/p>\n<p>Biologiskt nedbrytbar enkelv\u00e4ggsmugg gjord av ett lager papper \u2013 d\u00e5lig v\u00e4rmeisolering, men av alla koppar kan den st\u00f6rsta m\u00e4ngden packas p\u00e5 en europall, s\u00e5 dessa koppar \u00e4r billigast att transportera.<\/p>\n<p>Mellanklass kvalitetstryck. Typisk kopp f\u00f6r varuautomater.<\/p>\n<p>Vanligtvis den billigaste p\u00e5 de h\u00f6gre volymerna. Dessa koppar \u00e4r vanligtvis tillg\u00e4ngliga i en st\u00f6rre m\u00e4ngd och p\u00e5 s\u00e4rskild beg\u00e4ran.<\/p>\n<p>Vi kan erbjuda olika kapaciteter och dimensioner.<\/p>\n<p>Anv\u00e4ndande:<br \/>F\u00f6retag \u2013 koppar f\u00f6r vatten, juice.<br \/>Reklam \u2013 produktprov.<\/p>\n<p>Max drickstemperatur:<br \/>95 ?C<\/p>\n<p>Materiallager:<br \/>Ett lager PE\/PLA\/vattenbaserat bestruket papper.<\/p>\n<p>V\u00e4rmeisolering:<br \/>1 av 3<\/p>\n","protected":false},"excerpt":{"rendered":"<p>Kan bara k\u00f6pas p\u00e5 1000-tal Biologiskt nedbrytbar enkelv\u00e4ggsmugg gjord av ett lager papper \u2013 d\u00e5lig v\u00e4rmeisolering, men av alla koppar kan den st\u00f6rsta m\u00e4ngden packas p\u00e5 en europall, s\u00e5 dessa koppar \u00e4r billigast att transportera. Mellanklass kvalitetstryck. Typisk kopp f\u00f6r varuautomater. Vanligtvis den billigaste p\u00e5 de h\u00f6gre volymerna. Dessa koppar \u00e4r vanligtvis tillg\u00e4ngliga i en [&hellip;]<\/p>\n","protected":false},"featured_media":76052,"template":"","meta":{"_acf_changed":false,"_seopress_robots_primary_cat":"","_seopress_titles_title":"","_seopress_titles_desc":"","_seopress_robots_index":""},"product_brand":[],"product_cat":[15],"product_tag":[],"class_list":{"0":"post-76051","1":"product","2":"type-product","3":"status-publish","4":"has-post-thumbnail","6":"product_cat-okategoriserad","7":"atta45_taxonomy-hem-hushall-pappersmuggar-sv","8":"atta45_taxonomy-muggar-pappersmuggar-sv","9":"atta45_taxonomy-tema-inspiration-varumarken-ycp-sv","11":"first","12":"instock","13":"taxable","14":"shipping-taxable","15":"purchasable","16":"product-type-variable"},"acf":[],"_links":{"self":[{"href":"https:\/\/www.atta45.se\/e-butik\/wp-json\/wp\/v2\/product\/76051","targetHints":{"allow":["GET"]}}],"collection":[{"href":"https:\/\/www.atta45.se\/e-butik\/wp-json\/wp\/v2\/product"}],"about":[{"href":"https:\/\/www.atta45.se\/e-butik\/wp-json\/wp\/v2\/types\/product"}],"wp:featuredmedia":[{"embeddable":true,"href":"https:\/\/www.atta45.se\/e-butik\/wp-json\/wp\/v2\/media\/76052"}],"wp:attachment":[{"href":"https:\/\/www.atta45.se\/e-butik\/wp-json\/wp\/v2\/media?parent=76051"}],"wp:term":[{"taxonomy":"product_brand","embeddable":true,"href":"https:\/\/www.atta45.se\/e-butik\/wp-json\/wp\/v2\/product_brand?post=76051"},{"taxonomy":"product_cat","embeddable":true,"href":"https:\/\/www.atta45.se\/e-butik\/wp-json\/wp\/v2\/product_cat?post=76051"},{"taxonomy":"product_tag","embeddable":true,"href":"https:\/\/www.atta45.se\/e-butik\/wp-json\/wp\/v2\/product_tag?post=76051"}],"curies":[{"name":"wp","href":"https:\/\/api.w.org\/{rel}","templated":true}]}}