{"id":76031,"date":"2024-12-27T02:36:51","date_gmt":"2024-12-27T01:36:51","guid":{"rendered":"https:\/\/www.atta45.se\/e-butik\/?post_type=product&#038;p=76031"},"modified":"2025-10-27T16:38:39","modified_gmt":"2025-10-27T15:38:39","slug":"ishink-av-jarn-och-aluminium-corey","status":"publish","type":"product","link":"https:\/\/www.atta45.se\/e-butik\/produkt\/ishink-av-jarn-och-aluminium-corey\/","title":{"rendered":"Ishink av j\u00e4rn och aluminium Corey"},"content":{"rendered":"<p>Ishink av j\u00e4rn och aluminium med tillh\u00f6rande \u00f6ppnare. Rymmer 6 liter.<\/p>\n","protected":false},"excerpt":{"rendered":"<p>Ishink av j\u00e4rn och aluminium med tillh\u00f6rande \u00f6ppnare. Rymmer 6 liter.<\/p>\n","protected":false},"featured_media":76032,"template":"","meta":{"_acf_changed":false,"_seopress_robots_primary_cat":"","_seopress_titles_title":"","_seopress_titles_desc":"","_seopress_robots_index":""},"product_brand":[],"product_cat":[15],"product_tag":[],"class_list":{"0":"post-76031","1":"product","2":"type-product","3":"status-publish","4":"has-post-thumbnail","6":"product_cat-okategoriserad","7":"atta45_taxonomy-tema-inspiration-ogonblick-alla-hjartans-dag-sv","8":"atta45_taxonomy-tema-inspiration-ogonblick-arsslut-sv","9":"atta45_taxonomy-tema-inspiration-speciella-trycktekniker-name-it-sv","10":"atta45_taxonomy-tema-inspiration-speciella-trycktekniker-mega-laser-sv","11":"atta45_taxonomy-hem-hushall-ostbrickor-sv","12":"atta45_taxonomy-tema-inspiration-speciella-trycktekniker-sv","13":"atta45_taxonomy-tema-inspiration-sv","14":"atta45_taxonomy-hem-hushall-vintillbehor-sv","16":"first","17":"instock","18":"taxable","19":"shipping-taxable","20":"purchasable","21":"product-type-variable"},"acf":[],"_links":{"self":[{"href":"https:\/\/www.atta45.se\/e-butik\/wp-json\/wp\/v2\/product\/76031","targetHints":{"allow":["GET"]}}],"collection":[{"href":"https:\/\/www.atta45.se\/e-butik\/wp-json\/wp\/v2\/product"}],"about":[{"href":"https:\/\/www.atta45.se\/e-butik\/wp-json\/wp\/v2\/types\/product"}],"wp:featuredmedia":[{"embeddable":true,"href":"https:\/\/www.atta45.se\/e-butik\/wp-json\/wp\/v2\/media\/76032"}],"wp:attachment":[{"href":"https:\/\/www.atta45.se\/e-butik\/wp-json\/wp\/v2\/media?parent=76031"}],"wp:term":[{"taxonomy":"product_brand","embeddable":true,"href":"https:\/\/www.atta45.se\/e-butik\/wp-json\/wp\/v2\/product_brand?post=76031"},{"taxonomy":"product_cat","embeddable":true,"href":"https:\/\/www.atta45.se\/e-butik\/wp-json\/wp\/v2\/product_cat?post=76031"},{"taxonomy":"product_tag","embeddable":true,"href":"https:\/\/www.atta45.se\/e-butik\/wp-json\/wp\/v2\/product_tag?post=76031"}],"curies":[{"name":"wp","href":"https:\/\/api.w.org\/{rel}","templated":true}]}}