{"id":75983,"date":"2024-12-27T02:36:04","date_gmt":"2024-12-27T01:36:04","guid":{"rendered":"https:\/\/www.atta45.se\/e-butik\/?post_type=product&#038;p=75983"},"modified":"2025-10-27T14:03:35","modified_gmt":"2025-10-27T13:03:35","slug":"cocktail-set-i-rostfritt-stal","status":"publish","type":"product","link":"https:\/\/www.atta45.se\/e-butik\/produkt\/cocktail-set-i-rostfritt-stal\/","title":{"rendered":"Cocktail-set i rostfritt st\u00e5l Tatiana"},"content":{"rendered":"<p>Cocktail-set i rostfritt st\u00e5l inneh\u00e5llande shaker (750 ml), m\u00e5ttglas (30 ml), sked och en sil. Levereras i en bomullsp\u00e5se.<\/p>\n","protected":false},"excerpt":{"rendered":"<p>Cocktail-set i rostfritt st\u00e5l inneh\u00e5llande shaker (750 ml), m\u00e5ttglas (30 ml), sked och en sil. Levereras i en bomullsp\u00e5se.<\/p>\n","protected":false},"featured_media":75984,"template":"","meta":{"_acf_changed":false,"_seopress_robots_primary_cat":"","_seopress_titles_title":"","_seopress_titles_desc":"","_seopress_robots_index":""},"product_brand":[],"product_cat":[15],"product_tag":[],"class_list":{"0":"post-75983","1":"product","2":"type-product","3":"status-publish","4":"has-post-thumbnail","6":"product_cat-okategoriserad","7":"atta45_taxonomy-tema-inspiration-ogonblick-arsslut-sv","8":"atta45_taxonomy-nyheter-sv","9":"atta45_taxonomy-tema-inspiration-utvalda-produkter-nyheter-sv","10":"atta45_taxonomy-hem-hushall-ostbrickor-sv","11":"atta45_taxonomy-tema-inspiration-sv","12":"atta45_taxonomy-hem-hushall-vintillbehor-sv","14":"first","15":"instock","16":"taxable","17":"shipping-taxable","18":"purchasable","19":"product-type-variable"},"acf":[],"_links":{"self":[{"href":"https:\/\/www.atta45.se\/e-butik\/wp-json\/wp\/v2\/product\/75983","targetHints":{"allow":["GET"]}}],"collection":[{"href":"https:\/\/www.atta45.se\/e-butik\/wp-json\/wp\/v2\/product"}],"about":[{"href":"https:\/\/www.atta45.se\/e-butik\/wp-json\/wp\/v2\/types\/product"}],"wp:featuredmedia":[{"embeddable":true,"href":"https:\/\/www.atta45.se\/e-butik\/wp-json\/wp\/v2\/media\/75984"}],"wp:attachment":[{"href":"https:\/\/www.atta45.se\/e-butik\/wp-json\/wp\/v2\/media?parent=75983"}],"wp:term":[{"taxonomy":"product_brand","embeddable":true,"href":"https:\/\/www.atta45.se\/e-butik\/wp-json\/wp\/v2\/product_brand?post=75983"},{"taxonomy":"product_cat","embeddable":true,"href":"https:\/\/www.atta45.se\/e-butik\/wp-json\/wp\/v2\/product_cat?post=75983"},{"taxonomy":"product_tag","embeddable":true,"href":"https:\/\/www.atta45.se\/e-butik\/wp-json\/wp\/v2\/product_tag?post=75983"}],"curies":[{"name":"wp","href":"https:\/\/api.w.org\/{rel}","templated":true}]}}