{"id":75941,"date":"2024-12-27T02:35:15","date_gmt":"2024-12-27T01:35:15","guid":{"rendered":"https:\/\/www.atta45.se\/e-butik\/?post_type=product&#038;p=75941"},"modified":"2025-10-27T18:25:49","modified_gmt":"2025-10-27T17:25:49","slug":"bonn-olglas","status":"publish","type":"product","link":"https:\/\/www.atta45.se\/e-butik\/produkt\/bonn-olglas\/","title":{"rendered":"\u00d6lglas Bonn"},"content":{"rendered":"<p>Klassiskt \u00f6lglas med stora tryckm\u00f6jligheter. Har intressant grepp.<\/p>\n<p>Kapacitet: 500 ml<br \/>Diameter: 87 mm<br \/>H\u00f6jd: 158 mm<\/p>\n","protected":false},"excerpt":{"rendered":"<p>Klassiskt \u00f6lglas med stora tryckm\u00f6jligheter. Har intressant grepp. Kapacitet: 500 mlDiameter: 87 mmH\u00f6jd: 158 mm<\/p>\n","protected":false},"featured_media":75942,"template":"","meta":{"_acf_changed":false,"_seopress_robots_primary_cat":"","_seopress_titles_title":"","_seopress_titles_desc":"","_seopress_robots_index":""},"product_brand":[],"product_cat":[15],"product_tag":[],"class_list":{"0":"post-75941","1":"product","2":"type-product","3":"status-publish","4":"has-post-thumbnail","6":"product_cat-okategoriserad","7":"atta45_taxonomy-tema-inspiration-varumarken-cupline-sv","8":"atta45_taxonomy-hem-hushall-olglas-sv","9":"atta45_taxonomy-muggar-olglas-sv","11":"first","12":"instock","13":"taxable","14":"shipping-taxable","15":"purchasable","16":"product-type-variable"},"acf":[],"_links":{"self":[{"href":"https:\/\/www.atta45.se\/e-butik\/wp-json\/wp\/v2\/product\/75941","targetHints":{"allow":["GET"]}}],"collection":[{"href":"https:\/\/www.atta45.se\/e-butik\/wp-json\/wp\/v2\/product"}],"about":[{"href":"https:\/\/www.atta45.se\/e-butik\/wp-json\/wp\/v2\/types\/product"}],"wp:featuredmedia":[{"embeddable":true,"href":"https:\/\/www.atta45.se\/e-butik\/wp-json\/wp\/v2\/media\/75942"}],"wp:attachment":[{"href":"https:\/\/www.atta45.se\/e-butik\/wp-json\/wp\/v2\/media?parent=75941"}],"wp:term":[{"taxonomy":"product_brand","embeddable":true,"href":"https:\/\/www.atta45.se\/e-butik\/wp-json\/wp\/v2\/product_brand?post=75941"},{"taxonomy":"product_cat","embeddable":true,"href":"https:\/\/www.atta45.se\/e-butik\/wp-json\/wp\/v2\/product_cat?post=75941"},{"taxonomy":"product_tag","embeddable":true,"href":"https:\/\/www.atta45.se\/e-butik\/wp-json\/wp\/v2\/product_tag?post=75941"}],"curies":[{"name":"wp","href":"https:\/\/api.w.org\/{rel}","templated":true}]}}