{"id":75933,"date":"2024-12-27T02:35:05","date_gmt":"2024-12-27T01:35:05","guid":{"rendered":"https:\/\/www.atta45.se\/e-butik\/?post_type=product&#038;p=75933"},"modified":"2025-10-27T18:25:39","modified_gmt":"2025-10-27T17:25:39","slug":"mainz-olglas","status":"publish","type":"product","link":"https:\/\/www.atta45.se\/e-butik\/produkt\/mainz-olglas\/","title":{"rendered":"\u00d6lglas Mainz"},"content":{"rendered":"<p>Smal och v\u00e4rdig sejdel. En l\u00e5ng, smal mugg med bekv\u00e4mt handtag. Dess stora v\u00e4ggar garanterar perfekt varum\u00e4rkesk\u00e4nnedom.<\/p>\n<p>Kapacitet: 500 ml<br \/>Diameter: 80 mm<br \/>H\u00f6jd: 193 mm<\/p>\n","protected":false},"excerpt":{"rendered":"<p>Smal och v\u00e4rdig sejdel. En l\u00e5ng, smal mugg med bekv\u00e4mt handtag. Dess stora v\u00e4ggar garanterar perfekt varum\u00e4rkesk\u00e4nnedom. Kapacitet: 500 mlDiameter: 80 mmH\u00f6jd: 193 mm<\/p>\n","protected":false},"featured_media":75934,"template":"","meta":{"_acf_changed":false,"_seopress_robots_primary_cat":"","_seopress_titles_title":"","_seopress_titles_desc":"","_seopress_robots_index":""},"product_brand":[],"product_cat":[15],"product_tag":[],"class_list":{"0":"post-75933","1":"product","2":"type-product","3":"status-publish","4":"has-post-thumbnail","6":"product_cat-okategoriserad","7":"atta45_taxonomy-tema-inspiration-varumarken-cupline-sv","8":"atta45_taxonomy-muggar-olglas-sv","9":"atta45_taxonomy-hem-hushall-olglas-sv","11":"first","12":"instock","13":"taxable","14":"shipping-taxable","15":"purchasable","16":"product-type-variable"},"acf":[],"_links":{"self":[{"href":"https:\/\/www.atta45.se\/e-butik\/wp-json\/wp\/v2\/product\/75933","targetHints":{"allow":["GET"]}}],"collection":[{"href":"https:\/\/www.atta45.se\/e-butik\/wp-json\/wp\/v2\/product"}],"about":[{"href":"https:\/\/www.atta45.se\/e-butik\/wp-json\/wp\/v2\/types\/product"}],"wp:featuredmedia":[{"embeddable":true,"href":"https:\/\/www.atta45.se\/e-butik\/wp-json\/wp\/v2\/media\/75934"}],"wp:attachment":[{"href":"https:\/\/www.atta45.se\/e-butik\/wp-json\/wp\/v2\/media?parent=75933"}],"wp:term":[{"taxonomy":"product_brand","embeddable":true,"href":"https:\/\/www.atta45.se\/e-butik\/wp-json\/wp\/v2\/product_brand?post=75933"},{"taxonomy":"product_cat","embeddable":true,"href":"https:\/\/www.atta45.se\/e-butik\/wp-json\/wp\/v2\/product_cat?post=75933"},{"taxonomy":"product_tag","embeddable":true,"href":"https:\/\/www.atta45.se\/e-butik\/wp-json\/wp\/v2\/product_tag?post=75933"}],"curies":[{"name":"wp","href":"https:\/\/api.w.org\/{rel}","templated":true}]}}