{"id":75853,"date":"2024-12-27T02:33:56","date_gmt":"2024-12-27T01:33:56","guid":{"rendered":"https:\/\/www.atta45.se\/e-butik\/?post_type=product&#038;p=75853"},"modified":"2025-10-28T03:42:43","modified_gmt":"2025-10-28T02:42:43","slug":"vinhallare-i-neopren-2-flaskor","status":"publish","type":"product","link":"https:\/\/www.atta45.se\/e-butik\/produkt\/vinhallare-i-neopren-2-flaskor\/","title":{"rendered":"H\u00e5llare Vinh\u00e5llare i neopren (2 flaskor)"},"content":{"rendered":"<p>Flaskh\u00e5llare i neopren. Passar f\u00f6r tv\u00e5 vinflaskor. Finns i m\u00e5nga f\u00e4rger.<\/p>\n","protected":false},"excerpt":{"rendered":"<p>Flaskh\u00e5llare i neopren. Passar f\u00f6r tv\u00e5 vinflaskor. Finns i m\u00e5nga f\u00e4rger.<\/p>\n","protected":false},"featured_media":75854,"template":"","meta":{"_acf_changed":false,"_seopress_robots_primary_cat":"","_seopress_titles_title":"","_seopress_titles_desc":"","_seopress_robots_index":""},"product_brand":[],"product_cat":[15],"product_tag":[],"class_list":{"0":"post-75853","1":"product","2":"type-product","3":"status-publish","4":"has-post-thumbnail","6":"product_cat-okategoriserad","7":"atta45_taxonomy-fritid-neopren-sv","8":"atta45_taxonomy-hem-hushall-neopren-sv","9":"atta45_taxonomy-tema-inspiration-varumarken-ycp-sv","11":"first","12":"instock","13":"taxable","14":"shipping-taxable","15":"purchasable","16":"product-type-variable"},"acf":[],"_links":{"self":[{"href":"https:\/\/www.atta45.se\/e-butik\/wp-json\/wp\/v2\/product\/75853","targetHints":{"allow":["GET"]}}],"collection":[{"href":"https:\/\/www.atta45.se\/e-butik\/wp-json\/wp\/v2\/product"}],"about":[{"href":"https:\/\/www.atta45.se\/e-butik\/wp-json\/wp\/v2\/types\/product"}],"wp:featuredmedia":[{"embeddable":true,"href":"https:\/\/www.atta45.se\/e-butik\/wp-json\/wp\/v2\/media\/75854"}],"wp:attachment":[{"href":"https:\/\/www.atta45.se\/e-butik\/wp-json\/wp\/v2\/media?parent=75853"}],"wp:term":[{"taxonomy":"product_brand","embeddable":true,"href":"https:\/\/www.atta45.se\/e-butik\/wp-json\/wp\/v2\/product_brand?post=75853"},{"taxonomy":"product_cat","embeddable":true,"href":"https:\/\/www.atta45.se\/e-butik\/wp-json\/wp\/v2\/product_cat?post=75853"},{"taxonomy":"product_tag","embeddable":true,"href":"https:\/\/www.atta45.se\/e-butik\/wp-json\/wp\/v2\/product_tag?post=75853"}],"curies":[{"name":"wp","href":"https:\/\/api.w.org\/{rel}","templated":true}]}}