{"id":75703,"date":"2024-12-27T02:32:33","date_gmt":"2024-12-27T01:32:33","guid":{"rendered":"https:\/\/www.atta45.se\/e-butik\/?post_type=product&#038;p=75703"},"modified":"2025-10-28T03:42:05","modified_gmt":"2025-10-28T02:42:05","slug":"mugghallare-i-neopren","status":"publish","type":"product","link":"https:\/\/www.atta45.se\/e-butik\/produkt\/mugghallare-i-neopren\/","title":{"rendered":"H\u00e5llare Muggh\u00e5llare i neopren"},"content":{"rendered":"<p>Mugg eller kaffeh\u00e5llare i neopren. Perfekt att s\u00e4tta runt koppen f\u00f6r att inte br\u00e4nna fingrarna. Kombinera detta med ett snyggt tryck, och du f\u00e5r en perfekt promotionprodukt. Finns i m\u00e5nga f\u00e4rger.<\/p>\n","protected":false},"excerpt":{"rendered":"<p>Mugg eller kaffeh\u00e5llare i neopren. Perfekt att s\u00e4tta runt koppen f\u00f6r att inte br\u00e4nna fingrarna. Kombinera detta med ett snyggt tryck, och du f\u00e5r en perfekt promotionprodukt. Finns i m\u00e5nga f\u00e4rger.<\/p>\n","protected":false},"featured_media":75704,"template":"","meta":{"_acf_changed":false,"_seopress_robots_primary_cat":"","_seopress_titles_title":"","_seopress_titles_desc":"","_seopress_robots_index":""},"product_brand":[],"product_cat":[15],"product_tag":[],"class_list":{"0":"post-75703","1":"product","2":"type-product","3":"status-publish","4":"has-post-thumbnail","6":"product_cat-okategoriserad","7":"atta45_taxonomy-hem-hushall-neopren-sv","8":"atta45_taxonomy-fritid-neopren-sv","9":"atta45_taxonomy-tema-inspiration-varumarken-ycp-sv","11":"first","12":"instock","13":"taxable","14":"shipping-taxable","15":"purchasable","16":"product-type-variable"},"acf":[],"_links":{"self":[{"href":"https:\/\/www.atta45.se\/e-butik\/wp-json\/wp\/v2\/product\/75703","targetHints":{"allow":["GET"]}}],"collection":[{"href":"https:\/\/www.atta45.se\/e-butik\/wp-json\/wp\/v2\/product"}],"about":[{"href":"https:\/\/www.atta45.se\/e-butik\/wp-json\/wp\/v2\/types\/product"}],"wp:featuredmedia":[{"embeddable":true,"href":"https:\/\/www.atta45.se\/e-butik\/wp-json\/wp\/v2\/media\/75704"}],"wp:attachment":[{"href":"https:\/\/www.atta45.se\/e-butik\/wp-json\/wp\/v2\/media?parent=75703"}],"wp:term":[{"taxonomy":"product_brand","embeddable":true,"href":"https:\/\/www.atta45.se\/e-butik\/wp-json\/wp\/v2\/product_brand?post=75703"},{"taxonomy":"product_cat","embeddable":true,"href":"https:\/\/www.atta45.se\/e-butik\/wp-json\/wp\/v2\/product_cat?post=75703"},{"taxonomy":"product_tag","embeddable":true,"href":"https:\/\/www.atta45.se\/e-butik\/wp-json\/wp\/v2\/product_tag?post=75703"}],"curies":[{"name":"wp","href":"https:\/\/api.w.org\/{rel}","templated":true}]}}