{"id":75274,"date":"2024-12-27T02:25:43","date_gmt":"2024-12-27T01:25:43","guid":{"rendered":"https:\/\/www.atta45.se\/e-butik\/?post_type=product&#038;p=75274"},"modified":"2025-10-27T17:33:48","modified_gmt":"2025-10-27T16:33:48","slug":"loft-art","status":"publish","type":"product","link":"https:\/\/www.atta45.se\/e-butik\/produkt\/loft-art\/","title":{"rendered":"Mugg Loft Art"},"content":{"rendered":"<p>En reklammugg i popul\u00e4r, cylindrisk form. Modellen \u00e4r till\u00e4gnad applicering av h\u00f6gkvalitativa tryck, med hj\u00e4lp av Art Print-teknik.<\/p>\n","protected":false},"excerpt":{"rendered":"<p>En reklammugg i popul\u00e4r, cylindrisk form. Modellen \u00e4r till\u00e4gnad applicering av h\u00f6gkvalitativa tryck, med hj\u00e4lp av Art Print-teknik.<\/p>\n","protected":false},"featured_media":75275,"template":"","meta":{"_acf_changed":false,"_seopress_robots_primary_cat":"","_seopress_titles_title":"","_seopress_titles_desc":"","_seopress_robots_index":""},"product_brand":[],"product_cat":[15],"product_tag":[],"class_list":{"0":"post-75274","1":"product","2":"type-product","3":"status-publish","4":"has-post-thumbnail","6":"product_cat-okategoriserad","7":"atta45_taxonomy-tema-inspiration-varumarken-cupline-sv","8":"atta45_taxonomy-hem-hushall-muggar-sv","9":"atta45_taxonomy-muggar-muggar-sv","10":"atta45_taxonomy-nyheter-sv","12":"first","13":"instock","14":"taxable","15":"shipping-taxable","16":"purchasable","17":"product-type-variable"},"acf":[],"_links":{"self":[{"href":"https:\/\/www.atta45.se\/e-butik\/wp-json\/wp\/v2\/product\/75274","targetHints":{"allow":["GET"]}}],"collection":[{"href":"https:\/\/www.atta45.se\/e-butik\/wp-json\/wp\/v2\/product"}],"about":[{"href":"https:\/\/www.atta45.se\/e-butik\/wp-json\/wp\/v2\/types\/product"}],"wp:featuredmedia":[{"embeddable":true,"href":"https:\/\/www.atta45.se\/e-butik\/wp-json\/wp\/v2\/media\/75275"}],"wp:attachment":[{"href":"https:\/\/www.atta45.se\/e-butik\/wp-json\/wp\/v2\/media?parent=75274"}],"wp:term":[{"taxonomy":"product_brand","embeddable":true,"href":"https:\/\/www.atta45.se\/e-butik\/wp-json\/wp\/v2\/product_brand?post=75274"},{"taxonomy":"product_cat","embeddable":true,"href":"https:\/\/www.atta45.se\/e-butik\/wp-json\/wp\/v2\/product_cat?post=75274"},{"taxonomy":"product_tag","embeddable":true,"href":"https:\/\/www.atta45.se\/e-butik\/wp-json\/wp\/v2\/product_tag?post=75274"}],"curies":[{"name":"wp","href":"https:\/\/api.w.org\/{rel}","templated":true}]}}