{"id":75214,"date":"2024-12-27T02:24:23","date_gmt":"2024-12-27T01:24:23","guid":{"rendered":"https:\/\/www.atta45.se\/e-butik\/?post_type=product&#038;p=75214"},"modified":"2025-10-27T17:32:08","modified_gmt":"2025-10-27T16:32:08","slug":"ilona-duo","status":"publish","type":"product","link":"https:\/\/www.atta45.se\/e-butik\/produkt\/ilona-duo\/","title":{"rendered":"Mugg Ilona Duo"},"content":{"rendered":"<p>Trendig mugg med f\u00e4rgglad potential. V\u00e5r b\u00e4sts\u00e4ljande mugg finns i en ny version fylld med 6 olika f\u00e4rger. Tack vare detta kan du tillf\u00f6ra kraft och energi till ett varum\u00e4rke och f\u00e5 det att st\u00e5 \u00f6ver de andra.<\/p>\n","protected":false},"excerpt":{"rendered":"<p>Trendig mugg med f\u00e4rgglad potential. V\u00e5r b\u00e4sts\u00e4ljande mugg finns i en ny version fylld med 6 olika f\u00e4rger. Tack vare detta kan du tillf\u00f6ra kraft och energi till ett varum\u00e4rke och f\u00e5 det att st\u00e5 \u00f6ver de andra.<\/p>\n","protected":false},"featured_media":75215,"template":"","meta":{"_acf_changed":false,"_seopress_robots_primary_cat":"","_seopress_titles_title":"","_seopress_titles_desc":"","_seopress_robots_index":""},"product_brand":[],"product_cat":[15],"product_tag":[],"class_list":{"0":"post-75214","1":"product","2":"type-product","3":"status-publish","4":"has-post-thumbnail","6":"product_cat-okategoriserad","7":"atta45_taxonomy-tema-inspiration-varumarken-cupline-sv","8":"atta45_taxonomy-hem-hushall-muggar-sv","9":"atta45_taxonomy-muggar-muggar-sv","11":"first","12":"instock","13":"taxable","14":"shipping-taxable","15":"purchasable","16":"product-type-variable"},"acf":[],"_links":{"self":[{"href":"https:\/\/www.atta45.se\/e-butik\/wp-json\/wp\/v2\/product\/75214","targetHints":{"allow":["GET"]}}],"collection":[{"href":"https:\/\/www.atta45.se\/e-butik\/wp-json\/wp\/v2\/product"}],"about":[{"href":"https:\/\/www.atta45.se\/e-butik\/wp-json\/wp\/v2\/types\/product"}],"wp:featuredmedia":[{"embeddable":true,"href":"https:\/\/www.atta45.se\/e-butik\/wp-json\/wp\/v2\/media\/75215"}],"wp:attachment":[{"href":"https:\/\/www.atta45.se\/e-butik\/wp-json\/wp\/v2\/media?parent=75214"}],"wp:term":[{"taxonomy":"product_brand","embeddable":true,"href":"https:\/\/www.atta45.se\/e-butik\/wp-json\/wp\/v2\/product_brand?post=75214"},{"taxonomy":"product_cat","embeddable":true,"href":"https:\/\/www.atta45.se\/e-butik\/wp-json\/wp\/v2\/product_cat?post=75214"},{"taxonomy":"product_tag","embeddable":true,"href":"https:\/\/www.atta45.se\/e-butik\/wp-json\/wp\/v2\/product_tag?post=75214"}],"curies":[{"name":"wp","href":"https:\/\/api.w.org\/{rel}","templated":true}]}}